{"id":575,"date":"2024-09-18T13:36:18","date_gmt":"2024-09-18T11:36:18","guid":{"rendered":"https:\/\/ecoclimalevante.es\/chauffage\/plancher-chauffant\/"},"modified":"2025-01-09T16:17:16","modified_gmt":"2025-01-09T15:17:16","slug":"plancher-chauffant","status":"publish","type":"page","link":"https:\/\/ecoclimalevante.es\/fr\/chauffage\/plancher-chauffant\/","title":{"rendered":"Plancher chauffant"},"content":{"rendered":"<p>[et_pb_section fb_built=\u00a0\u00bb1&Prime; _builder_version=\u00a0\u00bb4.27.0&Prime; _module_preset=\u00a0\u00bbdefault\u00a0\u00bb background_color=\u00a0\u00bbrgba(0,0,0,0.29)\u00a0\u00bb background_image=\u00a0\u00bbhttps:\/\/ecoclimalevante.es\/wp-content\/uploads\/2024\/09\/AdobeStock_517485875.jpg\u00a0\u00bb background_position=\u00a0\u00bbtop_center\u00a0\u00bb background_blend=\u00a0\u00bbmultiply\u00a0\u00bb custom_padding=\u00a0\u00bb80px||80px||true|false\u00a0\u00bb hover_enabled=\u00a0\u00bb0&Prime; global_colors_info=\u00a0\u00bb{}\u00a0\u00bb custom_padding_last_edited=\u00a0\u00bbon|phone\u00a0\u00bb custom_padding_phone=\u00a0\u00bb50px||50px||true|false\u00a0\u00bb sticky_enabled=\u00a0\u00bb0&Prime; custom_padding_tablet=\u00a0\u00bb80px||80px||true|false\u00a0\u00bb][et_pb_row column_structure=\u00a0\u00bb2_3,1_3&Prime; _builder_version=\u00a0\u00bb4.27.0&Prime; _module_preset=\u00a0\u00bbdefault\u00a0\u00bb width_last_edited=\u00a0\u00bboff|desktop\u00a0\u00bb global_colors_info=\u00a0\u00bb{}\u00a0\u00bb][et_pb_column type=\u00a0\u00bb2_3&Prime; _builder_version=\u00a0\u00bb4.23.1&Prime; _module_preset=\u00a0\u00bbdefault\u00a0\u00bb global_colors_info=\u00a0\u00bb{}\u00a0\u00bb][et_pb_text _builder_version=\u00a0\u00bb4.27.0&Prime; _module_preset=\u00a0\u00bbdefault\u00a0\u00bb text_font=\u00a0\u00bbMaven Pro|||on|||||\u00a0\u00bb text_text_color=\u00a0\u00bb#FFFFFF\u00a0\u00bb text_letter_spacing=\u00a0\u00bb2px\u00a0\u00bb header_5_font=\u00a0\u00bbOutfit|||on|||||\u00a0\u00bb header_5_text_color=\u00a0\u00bbgcid-58d3720d-fb3e-4df7-b0b6-3a5d19345b7b\u00a0\u00bb header_5_font_size=\u00a0\u00bb14px\u00a0\u00bb header_5_letter_spacing=\u00a0\u00bb2px\u00a0\u00bb custom_margin=\u00a0\u00bb||10px||false|false\u00a0\u00bb global_colors_info=\u00a0\u00bb{%22gcid-58d3720d-fb3e-4df7-b0b6-3a5d19345b7b%22:%91%22header_5_text_color%22%93}\u00a0\u00bb]<\/p>\n<p>service d&rsquo;installation de chauffage par le sol<\/p>\n<p>[\/et_pb_text][et_pb_text _builder_version=\u00a0\u00bb4.27.0&Prime; _module_preset=\u00a0\u00bbdefault\u00a0\u00bb header_font=\u00a0\u00bbMaven Pro|700|||||||\u00a0\u00bb header_text_color=\u00a0\u00bb#FFFFFF\u00a0\u00bb header_font_size=\u00a0\u00bb60px\u00a0\u00bb header_5_font=\u00a0\u00bbOutfit|||on|||||\u00a0\u00bb header_5_text_color=\u00a0\u00bbgcid-58d3720d-fb3e-4df7-b0b6-3a5d19345b7b\u00a0\u00bb header_5_font_size=\u00a0\u00bb14px\u00a0\u00bb header_5_letter_spacing=\u00a0\u00bb2px\u00a0\u00bb custom_margin=\u00a0\u00bb||20px||false|false\u00a0\u00bb hover_enabled=\u00a0\u00bb0&Prime; global_colors_info=\u00a0\u00bb{%22gcid-58d3720d-fb3e-4df7-b0b6-3a5d19345b7b%22:%91%22header_5_text_color%22,%22header_text_color%22%93}\u00a0\u00bb header_font_size_last_edited=\u00a0\u00bbon|phone\u00a0\u00bb header_font_size_phone=\u00a0\u00bb40px\u00a0\u00bb sticky_enabled=\u00a0\u00bb0&Prime; header_font_size_tablet=\u00a0\u00bb60px\u00a0\u00bb]<\/p>\n<h1>Installation de chauffage par le sol \u00e0 Alicante<\/h1>\n<p>[\/et_pb_text][et_pb_button button_url=\u00a0\u00bbhttps:\/\/ecoclimalevante.es\/fr\/contact\/\u00a0\u00bb button_text=\u00a0\u00bbNous contacter\u00a0\u00bb _builder_version=\u00a0\u00bb4.27.0&Prime; _module_preset=\u00a0\u00bbdefault\u00a0\u00bb custom_button=\u00a0\u00bbon\u00a0\u00bb button_text_size=\u00a0\u00bb16px\u00a0\u00bb button_text_color=\u00a0\u00bb#FFFFFF\u00a0\u00bb button_bg_color=\u00a0\u00bbgcid-262a5087-69c7-4ab5-bd27-47ff6ef1b12c\u00a0\u00bb button_border_color=\u00a0\u00bbgcid-262a5087-69c7-4ab5-bd27-47ff6ef1b12c\u00a0\u00bb button_border_radius=\u00a0\u00bb0px\u00a0\u00bb button_font=\u00a0\u00bbMaven Pro||||||||\u00a0\u00bb button_use_icon=\u00a0\u00bboff\u00a0\u00bb custom_padding=\u00a0\u00bb15px|57px|15px|57px|true|true\u00a0\u00bb global_colors_info=\u00a0\u00bb{%22gcid-262a5087-69c7-4ab5-bd27-47ff6ef1b12c%22:%91%22button_bg_color%22,%22button_border_color%22%93,%22gcid-e9c4ecb2-a2ee-4bb2-87fe-454899dccc09%22:%91%22button_bg_color__hover%22,%22button_border_color__hover%22%93}\u00a0\u00bb button_bg_color__hover_enabled=\u00a0\u00bbon|hover\u00a0\u00bb button_bg_color__hover=\u00a0\u00bb#81b563&Prime; button_bg_enable_color__hover=\u00a0\u00bbon\u00a0\u00bb button_border_color__hover_enabled=\u00a0\u00bbon|hover\u00a0\u00bb button_border_color__hover=\u00a0\u00bb#81b563&Prime;][\/et_pb_button][\/et_pb_column][et_pb_column type=\u00a0\u00bb1_3&Prime; _builder_version=\u00a0\u00bb4.23.1&Prime; _module_preset=\u00a0\u00bbdefault\u00a0\u00bb global_colors_info=\u00a0\u00bb{}\u00a0\u00bb][\/et_pb_column][\/et_pb_row][\/et_pb_section][et_pb_section fb_built=\u00a0\u00bb1&Prime; _builder_version=\u00a0\u00bb4.27.0&Prime; _module_preset=\u00a0\u00bbdefault\u00a0\u00bb custom_padding=\u00a0\u00bb||20px||false|false\u00a0\u00bb global_colors_info=\u00a0\u00bb{}\u00a0\u00bb][et_pb_row _builder_version=\u00a0\u00bb4.27.0&Prime; _module_preset=\u00a0\u00bbdefault\u00a0\u00bb custom_padding=\u00a0\u00bb0px||||false|false\u00a0\u00bb global_colors_info=\u00a0\u00bb{}\u00a0\u00bb][et_pb_column type=\u00a0\u00bb4_4&Prime; _builder_version=\u00a0\u00bb4.27.0&Prime; _module_preset=\u00a0\u00bbdefault\u00a0\u00bb global_colors_info=\u00a0\u00bb{}\u00a0\u00bb][et_pb_text _builder_version=\u00a0\u00bb4.27.0&Prime; _module_preset=\u00a0\u00bbdefault\u00a0\u00bb text_font=\u00a0\u00bbRoboto|300|||||||\u00a0\u00bb text_text_color=\u00a0\u00bb#000000&Prime; text_font_size=\u00a0\u00bb16px\u00a0\u00bb text_orientation=\u00a0\u00bbjustified\u00a0\u00bb custom_margin=\u00a0\u00bb||||false|false\u00a0\u00bb global_colors_info=\u00a0\u00bb{}\u00a0\u00bb]<\/p>\n<p>Nous sommes des sp\u00e9cialistes de <strong>l&rsquo;installation de syst\u00e8mes de chauffage par le sol \u00e0 Alicante<\/strong>, avec plus de 20 ans d&rsquo;exp\u00e9rience dans le secteur r\u00e9sidentiel. Nous ne travaillons qu&rsquo;avec les plus grandes marques de rev\u00eatements de sol et des mat\u00e9riaux de haute qualit\u00e9 tels que le poly\u00e9thyl\u00e8ne et les tuyaux multicouches, ce qui garantit la durabilit\u00e9 et l&rsquo;efficacit\u00e9 de votre investissement dans le chauffage par le sol. <\/p>\n<p>Le chauffage par le sol fournit un <strong>chauffage uniforme en diffusant la chaleur \u00e0 partir du sol<\/strong>, cr\u00e9ant ainsi une atmosph\u00e8re chaleureuse sans points froids. De plus, en supprimant les radiateurs, il permet d&rsquo;\u00e9conomiser de l&rsquo;espace et d&rsquo;\u00e9liminer les mouvements de poussi\u00e8re, ce qui est b\u00e9n\u00e9fique pour la qualit\u00e9 de l&rsquo;air int\u00e9rieur. <\/p>\n<p>Chez EcoClima, nous apportons confort et efficacit\u00e9 \u00e0 votre maison. Faites-nous confiance si vous cherchez une <strong>entreprise professionnelle et experte en installation de chauffage par le sol \u00e0 Alicante<\/strong>. Contactez-nous d\u00e8s aujourd&rsquo;hui et nous vous fournirons toutes les informations dont vous avez besoin.  <\/p>\n<p>[\/et_pb_text][et_pb_text _builder_version=\u00a0\u00bb4.27.0&Prime; _module_preset=\u00a0\u00bbdefault\u00a0\u00bb text_font=\u00a0\u00bbMaven Pro|700|||||||\u00a0\u00bb text_text_color=\u00a0\u00bbgcid-262a5087-69c7-4ab5-bd27-47ff6ef1b12c\u00a0\u00bb text_font_size=\u00a0\u00bb30px\u00a0\u00bb header_2_font=\u00a0\u00bbMaven Pro|700|||||||\u00a0\u00bb header_2_text_align=\u00a0\u00bbleft\u00a0\u00bb header_2_text_color=\u00a0\u00bbgcid-262a5087-69c7-4ab5-bd27-47ff6ef1b12c\u00a0\u00bb header_2_font_size=\u00a0\u00bb50px\u00a0\u00bb custom_margin=\u00a0\u00bb||20px||false|false\u00a0\u00bb global_colors_info=\u00a0\u00bb{%22gcid-262a5087-69c7-4ab5-bd27-47ff6ef1b12c%22:%91%22header_2_text_color%22,%22text_text_color%22%93}\u00a0\u00bb]<\/p>\n<p>Avantages du chauffage par le sol<\/p>\n<p>[\/et_pb_text][et_pb_text module_class=\u00a0\u00bbcustom_bullets_wpcc suelo\u00a0\u00bb _builder_version=\u00a0\u00bb4.27.0&Prime; _module_preset=\u00a0\u00bbdefault\u00a0\u00bb text_font=\u00a0\u00bbRoboto|300|||||||\u00a0\u00bb text_text_color=\u00a0\u00bb#000000&Prime; text_font_size=\u00a0\u00bb16px\u00a0\u00bb text_orientation=\u00a0\u00bbjustified\u00a0\u00bb custom_margin=\u00a0\u00bb||||false|false\u00a0\u00bb global_colors_info=\u00a0\u00bb{}\u00a0\u00bb]<\/p>\n<p>L&rsquo;installation d&rsquo;un chauffage par le sol dans votre maison pr\u00e9sente de nombreux avantages, que nous d\u00e9crivons ci-dessous :<\/p>\n<ul>\n<li>Le chauffage par le sol est <strong>le moyen le plus confortable de chauffer votre maison<\/strong>. La chaleur rayonne \u00e0 partir du sol, cr\u00e9ant une atmosph\u00e8re agr\u00e9able dans laquelle vous vous sentirez \u00e0 l&rsquo;aise \u00e0 tout moment de l&rsquo;ann\u00e9e. <\/li>\n<li>Offre un <strong>gain de place consid\u00e9rable<\/strong> par rapport aux radiateurs traditionnels. \u00c9limine le besoin de ces \u00e9l\u00e9ments encombrants, ce qui vous permet d&rsquo;utiliser vos espaces de mani\u00e8re plus efficace. <\/li>\n<li><strong>Il ne g\u00e9n\u00e8re pas de mouvement de poussi\u00e8re et n&rsquo;ass\u00e8che pas l&rsquo;environnement<\/strong>, ce qui en fait un choix id\u00e9al pour les personnes souffrant d&rsquo;allergies ou de probl\u00e8mes respiratoires.<\/li>\n<li>Les syst\u00e8mes de chauffage par le sol assurent un <strong>chauffage uniforme<\/strong> dans toutes les pi\u00e8ces, \u00e9liminant ainsi les points chauds et froids.<\/li>\n<li>Il est <strong>\u00e9cologique et \u00e9conomique<\/strong>. Il fonctionne \u00e0 des temp\u00e9ratures beaucoup plus basses que les syst\u00e8mes de chauffage traditionnels, ce qui vous permet d&rsquo;\u00e9conomiser sur votre facture d&rsquo;\u00e9nergie. De plus, il peut \u00eatre int\u00e9gr\u00e9 \u00e0 des panneaux solaires pour profiter de l&rsquo;\u00e9nergie gratuite et r\u00e9duire davantage votre empreinte carbone.  <\/li>\n<\/ul>\n<p>En outre, si vous souhaitez aller plus loin dans l&rsquo;efficacit\u00e9 \u00e9nerg\u00e9tique, nous vous offrons la possibilit\u00e9 <strong>d&rsquo;int\u00e9grer des syst\u00e8mes a\u00e9rothermiques \u00e0 votre chauffage par le sol<\/strong>, ce qui peut entra\u00eener des \u00e9conomies allant jusqu&rsquo;\u00e0 50 % par rapport aux installations de chaudi\u00e8res \u00e0 mazout et 30 % par rapport au gaz naturel.<\/p>\n<p>[\/et_pb_text][\/et_pb_column][\/et_pb_row][et_pb_row column_structure=\u00a0\u00bb1_2,1_2&Prime; _builder_version=\u00a0\u00bb4.23.1&Prime; _module_preset=\u00a0\u00bbdefault\u00a0\u00bb global_colors_info=\u00a0\u00bb{}\u00a0\u00bb][et_pb_column type=\u00a0\u00bb1_2&Prime; _builder_version=\u00a0\u00bb4.23.1&Prime; _module_preset=\u00a0\u00bbdefault\u00a0\u00bb global_colors_info=\u00a0\u00bb{}\u00a0\u00bb][et_pb_image src=\u00a0\u00bbhttps:\/\/ecoclimalevante.es\/wp-content\/uploads\/2024\/09\/distribuidor-suelo-radiante.jpg\u00a0\u00bb title_text=\u00a0\u00bbdistribuidor-suelo-radiante\u00a0\u00bb _builder_version=\u00a0\u00bb4.27.0&Prime; _module_preset=\u00a0\u00bbdefault\u00a0\u00bb global_colors_info=\u00a0\u00bb{}\u00a0\u00bb][\/et_pb_image][\/et_pb_column][et_pb_column type=\u00a0\u00bb1_2&Prime; _builder_version=\u00a0\u00bb4.23.1&Prime; _module_preset=\u00a0\u00bbdefault\u00a0\u00bb global_colors_info=\u00a0\u00bb{}\u00a0\u00bb][et_pb_image src=\u00a0\u00bbhttps:\/\/ecoclimalevante.es\/wp-content\/uploads\/2024\/09\/instalacion-suelo-radiante.jpg\u00a0\u00bb title_text=\u00a0\u00bbinstalacion-suelo-radiante\u00a0\u00bb _builder_version=\u00a0\u00bb4.27.0&Prime; _module_preset=\u00a0\u00bbdefault\u00a0\u00bb global_colors_info=\u00a0\u00bb{}\u00a0\u00bb][\/et_pb_image][\/et_pb_column][\/et_pb_row][\/et_pb_section][et_pb_section fb_built=\u00a0\u00bb1&Prime; _builder_version=\u00a0\u00bb4.27.0&Prime; _module_preset=\u00a0\u00bbdefault\u00a0\u00bb background_color=\u00a0\u00bbrgba(0,0,0,0.23)\u00a0\u00bb background_image=\u00a0\u00bbhttps:\/\/ecoclimalevante.es\/wp-content\/uploads\/2024\/09\/AdobeStock_479954200-scaled.jpeg\u00a0\u00bb parallax=\u00a0\u00bbon\u00a0\u00bb parallax_method=\u00a0\u00bboff\u00a0\u00bb background_blend=\u00a0\u00bbmultiply\u00a0\u00bb custom_padding=\u00a0\u00bb20px||20px||true|false\u00a0\u00bb custom_css_before=\u00a0\u00bbcontent:%22%22;||display: block;||position: absolute;||top: 0;||left: 0;||width: 100%;||height: 100%;||background: black;||opacity: 0.2;||z-index: 1;\u00a0\u00bb global_colors_info=\u00a0\u00bb{}\u00a0\u00bb][et_pb_row _builder_version=\u00a0\u00bb4.27.0&Prime; _module_preset=\u00a0\u00bbdefault\u00a0\u00bb global_colors_info=\u00a0\u00bb{}\u00a0\u00bb][et_pb_column type=\u00a0\u00bb4_4&Prime; _builder_version=\u00a0\u00bb4.27.0&Prime; _module_preset=\u00a0\u00bbdefault\u00a0\u00bb global_colors_info=\u00a0\u00bb{}\u00a0\u00bb][et_pb_text _builder_version=\u00a0\u00bb4.27.0&Prime; _module_preset=\u00a0\u00bbdefault\u00a0\u00bb header_2_font=\u00a0\u00bbMaven Pro|700|||||||\u00a0\u00bb header_2_text_align=\u00a0\u00bbcenter\u00a0\u00bb header_2_text_color=\u00a0\u00bb#FFFFFF\u00a0\u00bb header_2_font_size=\u00a0\u00bb50px\u00a0\u00bb custom_margin=\u00a0\u00bb||20px||false|false\u00a0\u00bb hover_enabled=\u00a0\u00bb0&Prime; global_colors_info=\u00a0\u00bb{}\u00a0\u00bb header_2_font_size_last_edited=\u00a0\u00bbon|phone\u00a0\u00bb header_2_font_size_phone=\u00a0\u00bb40px\u00a0\u00bb sticky_enabled=\u00a0\u00bb0&Prime; header_2_font_size_tablet=\u00a0\u00bb50px\u00a0\u00bb]<\/p>\n<h2>Demande de devis gratuit<\/h2>\n<p>[\/et_pb_text][et_pb_text _builder_version=\u00a0\u00bb4.27.0&Prime; _module_preset=\u00a0\u00bbdefault\u00a0\u00bb text_font=\u00a0\u00bbRoboto|300|||||||\u00a0\u00bb text_text_color=\u00a0\u00bb#FFFFFF\u00a0\u00bb text_font_size=\u00a0\u00bb18px\u00a0\u00bb text_orientation=\u00a0\u00bbcenter\u00a0\u00bb custom_margin=\u00a0\u00bb||30px||false|false\u00a0\u00bb global_colors_info=\u00a0\u00bb{}\u00a0\u00bb]<\/p>\n<p>Si vous souhaitez faire confiance \u00e0 EcoClima Levante pour <strong>l&rsquo;installation et l&rsquo;entretien de planchers chauffants<\/strong>, nous nous adaptons, dans chaque cas, \u00e0 la meilleure solution. N&rsquo;h\u00e9sitez pas \u00e0 nous contacter et nous vous proposerons un devis sans engagement. <\/p>\n<p>[\/et_pb_text][et_pb_button button_url=\u00a0\u00bbhttps:\/\/ecoclimalevante.es\/fr\/contact\/\u00a0\u00bb button_text=\u00a0\u00bbDemandez-nous un devis\u00a0\u00bb button_alignment=\u00a0\u00bbcenter\u00a0\u00bb _builder_version=\u00a0\u00bb4.27.0&Prime; _module_preset=\u00a0\u00bbdefault\u00a0\u00bb custom_button=\u00a0\u00bbon\u00a0\u00bb button_text_size=\u00a0\u00bb16px\u00a0\u00bb button_text_color=\u00a0\u00bb#FFFFFF\u00a0\u00bb button_bg_color=\u00a0\u00bbgcid-262a5087-69c7-4ab5-bd27-47ff6ef1b12c\u00a0\u00bb button_border_color=\u00a0\u00bbgcid-262a5087-69c7-4ab5-bd27-47ff6ef1b12c\u00a0\u00bb button_border_radius=\u00a0\u00bb0px\u00a0\u00bb button_font=\u00a0\u00bbMaven Pro||||||||\u00a0\u00bb button_use_icon=\u00a0\u00bboff\u00a0\u00bb custom_padding=\u00a0\u00bb15px|57px|15px|57px|true|true\u00a0\u00bb global_colors_info=\u00a0\u00bb{%22gcid-262a5087-69c7-4ab5-bd27-47ff6ef1b12c%22:%91%22button_bg_color%22,%22button_border_color%22%93,%22gcid-e9c4ecb2-a2ee-4bb2-87fe-454899dccc09%22:%91%22button_bg_color__hover%22,%22button_border_color__hover%22%93}\u00a0\u00bb button_bg_color__hover_enabled=\u00a0\u00bbon|hover\u00a0\u00bb button_bg_color__hover=\u00a0\u00bb#81b563&Prime; button_bg_enable_color__hover=\u00a0\u00bbon\u00a0\u00bb button_border_color__hover_enabled=\u00a0\u00bbon|hover\u00a0\u00bb button_border_color__hover=\u00a0\u00bb#81b563&Prime;][\/et_pb_button][\/et_pb_column][\/et_pb_row][\/et_pb_section][et_pb_section fb_built=\u00a0\u00bb1&Prime; _builder_version=\u00a0\u00bb4.27.0&Prime; _module_preset=\u00a0\u00bbdefault\u00a0\u00bb global_colors_info=\u00a0\u00bb{}\u00a0\u00bb][et_pb_row _builder_version=\u00a0\u00bb4.27.0&Prime; _module_preset=\u00a0\u00bbdefault\u00a0\u00bb global_colors_info=\u00a0\u00bb{}\u00a0\u00bb][et_pb_column type=\u00a0\u00bb4_4&Prime; _builder_version=\u00a0\u00bb4.27.0&Prime; _module_preset=\u00a0\u00bbdefault\u00a0\u00bb global_colors_info=\u00a0\u00bb{}\u00a0\u00bb][et_pb_text _builder_version=\u00a0\u00bb4.27.0&Prime; _module_preset=\u00a0\u00bbdefault\u00a0\u00bb header_2_font=\u00a0\u00bbMaven Pro|700|||||||\u00a0\u00bb header_2_text_align=\u00a0\u00bbleft\u00a0\u00bb header_2_text_color=\u00a0\u00bbgcid-262a5087-69c7-4ab5-bd27-47ff6ef1b12c\u00a0\u00bb header_2_font_size=\u00a0\u00bb50px\u00a0\u00bb custom_margin=\u00a0\u00bb||20px||false|false\u00a0\u00bb hover_enabled=\u00a0\u00bb0&Prime; global_colors_info=\u00a0\u00bb{%22gcid-262a5087-69c7-4ab5-bd27-47ff6ef1b12c%22:%91%22header_2_text_color%22%93}\u00a0\u00bb header_2_font_size_last_edited=\u00a0\u00bbon|phone\u00a0\u00bb header_2_font_size_phone=\u00a0\u00bb40px\u00a0\u00bb sticky_enabled=\u00a0\u00bb0&Prime; header_2_font_size_tablet=\u00a0\u00bb50px\u00a0\u00bb]<\/p>\n<h2>Derniers travaux<\/h2>\n<p>[\/et_pb_text][et_pb_gallery gallery_ids=\u00a0\u00bb449,451,452,453,450&Prime; posts_number=\u00a0\u00bb10&Prime; show_title_and_caption=\u00a0\u00bboff\u00a0\u00bb show_pagination=\u00a0\u00bboff\u00a0\u00bb zoom_icon_color=\u00a0\u00bbgcid-262a5087-69c7-4ab5-bd27-47ff6ef1b12c\u00a0\u00bb hover_overlay_color=\u00a0\u00bbrgba(53,53,53,0.35)\u00a0\u00bb hover_icon=\u00a0\u00bb&#x4c;||divi||400&Prime; _builder_version=\u00a0\u00bb4.27.0&Prime; _module_preset=\u00a0\u00bbdefault\u00a0\u00bb hover_enabled=\u00a0\u00bb0&Prime; custom_css_gallery_item=\u00a0\u00bbpadding: 1px;||margin: 0!important;||width: 20%!important;||clear: none!important;\u00a0\u00bb global_colors_info=\u00a0\u00bb{%22gcid-262a5087-69c7-4ab5-bd27-47ff6ef1b12c%22:%91%22zoom_icon_color%22%93}\u00a0\u00bb custom_css_gallery_item_last_edited=\u00a0\u00bbon|phone\u00a0\u00bb custom_css_gallery_item_phone=\u00a0\u00bbpadding: 1px;||margin: 0!important;||width: 50%!important;||clear: none!important;\u00a0\u00bb sticky_enabled=\u00a0\u00bb0&Prime; custom_css_gallery_item_tablet=\u00a0\u00bbpadding: 1px;||margin: 0!important;||width: 20%!important;||clear: none!important;\u00a0\u00bb][\/et_pb_gallery][\/et_pb_column][\/et_pb_row][\/et_pb_section]<\/p>\n","protected":false},"excerpt":{"rendered":"<p>service d&rsquo;installation de chauffage par le solInstallation de chauffage par le sol \u00e0 AlicanteNous sommes des sp\u00e9cialistes de l&rsquo;installation de syst\u00e8mes de chauffage par le sol \u00e0 Alicante, avec plus de 20 ans d&rsquo;exp\u00e9rience dans le secteur r\u00e9sidentiel. Nous ne travaillons qu&rsquo;avec les plus grandes marques de rev\u00eatements de sol et des mat\u00e9riaux de haute [&hellip;]<\/p>\n","protected":false},"author":1,"featured_media":0,"parent":563,"menu_order":0,"comment_status":"closed","ping_status":"closed","template":"","meta":{"_et_pb_use_builder":"on","_et_pb_old_content":"","_et_gb_content_width":"","footnotes":""},"class_list":["post-575","page","type-page","status-publish","hentry"],"_links":{"self":[{"href":"https:\/\/ecoclimalevante.es\/fr\/wp-json\/wp\/v2\/pages\/575","targetHints":{"allow":["GET"]}}],"collection":[{"href":"https:\/\/ecoclimalevante.es\/fr\/wp-json\/wp\/v2\/pages"}],"about":[{"href":"https:\/\/ecoclimalevante.es\/fr\/wp-json\/wp\/v2\/types\/page"}],"author":[{"embeddable":true,"href":"https:\/\/ecoclimalevante.es\/fr\/wp-json\/wp\/v2\/users\/1"}],"replies":[{"embeddable":true,"href":"https:\/\/ecoclimalevante.es\/fr\/wp-json\/wp\/v2\/comments?post=575"}],"version-history":[{"count":5,"href":"https:\/\/ecoclimalevante.es\/fr\/wp-json\/wp\/v2\/pages\/575\/revisions"}],"predecessor-version":[{"id":795,"href":"https:\/\/ecoclimalevante.es\/fr\/wp-json\/wp\/v2\/pages\/575\/revisions\/795"}],"up":[{"embeddable":true,"href":"https:\/\/ecoclimalevante.es\/fr\/wp-json\/wp\/v2\/pages\/563"}],"wp:attachment":[{"href":"https:\/\/ecoclimalevante.es\/fr\/wp-json\/wp\/v2\/media?parent=575"}],"curies":[{"name":"wp","href":"https:\/\/api.w.org\/{rel}","templated":true}]}}