{"id":559,"date":"2024-09-18T14:01:59","date_gmt":"2024-09-18T12:01:59","guid":{"rendered":"https:\/\/ecoclimalevante.es\/climatisation\/"},"modified":"2024-10-02T10:35:53","modified_gmt":"2024-10-02T08:35:53","slug":"climatisation","status":"publish","type":"page","link":"https:\/\/ecoclimalevante.es\/fr\/climatisation\/","title":{"rendered":"Climatisation"},"content":{"rendered":"<p>[et_pb_section fb_built=\u00a0\u00bb1&Prime; custom_padding_last_edited=\u00a0\u00bbon|phone\u00a0\u00bb _builder_version=\u00a0\u00bb4.27.0&Prime; _module_preset=\u00a0\u00bbdefault\u00a0\u00bb background_color=\u00a0\u00bbrgba(0,0,0,0.29)\u00a0\u00bb background_image=\u00a0\u00bbhttps:\/\/ecoclimalevante.es\/wp-content\/uploads\/2024\/09\/AdobeStock_908752979.jpg\u00a0\u00bb background_position=\u00a0\u00bbtop_center\u00a0\u00bb background_blend=\u00a0\u00bbmultiply\u00a0\u00bb custom_padding=\u00a0\u00bb80px||80px||true|false\u00a0\u00bb custom_padding_tablet=\u00a0\u00bb80px||80px||true|false\u00a0\u00bb custom_padding_phone=\u00a0\u00bb50px||50px||true|false\u00a0\u00bb global_colors_info=\u00a0\u00bb{}\u00a0\u00bb][et_pb_row column_structure=\u00a0\u00bb2_3,1_3&Prime; _builder_version=\u00a0\u00bb4.27.0&Prime; _module_preset=\u00a0\u00bbdefault\u00a0\u00bb width_last_edited=\u00a0\u00bboff|desktop\u00a0\u00bb global_colors_info=\u00a0\u00bb{}\u00a0\u00bb][et_pb_column type=\u00a0\u00bb2_3&Prime; _builder_version=\u00a0\u00bb4.23.1&Prime; _module_preset=\u00a0\u00bbdefault\u00a0\u00bb global_colors_info=\u00a0\u00bb{}\u00a0\u00bb][et_pb_text _builder_version=\u00a0\u00bb4.27.0&Prime; _module_preset=\u00a0\u00bbdefault\u00a0\u00bb text_font=\u00a0\u00bbMaven Pro|||on|||||\u00a0\u00bb text_text_color=\u00a0\u00bb#FFFFFF\u00a0\u00bb text_letter_spacing=\u00a0\u00bb2px\u00a0\u00bb header_5_font=\u00a0\u00bbOutfit|||on|||||\u00a0\u00bb header_5_text_color=\u00a0\u00bbgcid-58d3720d-fb3e-4df7-b0b6-3a5d19345b7b\u00a0\u00bb header_5_font_size=\u00a0\u00bb14px\u00a0\u00bb header_5_letter_spacing=\u00a0\u00bb2px\u00a0\u00bb custom_margin=\u00a0\u00bb||10px||false|false\u00a0\u00bb global_colors_info=\u00a0\u00bb{%22gcid-58d3720d-fb3e-4df7-b0b6-3a5d19345b7b%22:%91%22header_5_text_color%22%93}\u00a0\u00bb]<\/p>\n<p>service d&rsquo;installation de climatisation<\/p>\n<p>[\/et_pb_text][et_pb_text _builder_version=\u00a0\u00bb4.27.0&Prime; _module_preset=\u00a0\u00bbdefault\u00a0\u00bb header_font=\u00a0\u00bbMaven Pro|700|||||||\u00a0\u00bb header_text_color=\u00a0\u00bb#FFFFFF\u00a0\u00bb header_font_size=\u00a0\u00bb60px\u00a0\u00bb header_5_font=\u00a0\u00bbOutfit|||on|||||\u00a0\u00bb header_5_text_color=\u00a0\u00bbgcid-58d3720d-fb3e-4df7-b0b6-3a5d19345b7b\u00a0\u00bb header_5_font_size=\u00a0\u00bb14px\u00a0\u00bb header_5_letter_spacing=\u00a0\u00bb2px\u00a0\u00bb custom_margin=\u00a0\u00bb||20px||false|false\u00a0\u00bb header_font_size_tablet=\u00a0\u00bb60px\u00a0\u00bb header_font_size_phone=\u00a0\u00bb40px\u00a0\u00bb header_font_size_last_edited=\u00a0\u00bbon|phone\u00a0\u00bb global_colors_info=\u00a0\u00bb{%22gcid-58d3720d-fb3e-4df7-b0b6-3a5d19345b7b%22:%91%22header_5_text_color%22,%22header_text_color%22%93}\u00a0\u00bb]<\/p>\n<h1>Installation de la climatisation \u00e0 Alicante<\/h1>\n<p>[\/et_pb_text][et_pb_button button_url=\u00a0\u00bbhttps:\/\/ecoclimalevante.es\/fr\/contact\/\u00a0\u00bb button_text=\u00a0\u00bbNous contacter\u00a0\u00bb _builder_version=\u00a0\u00bb4.27.0&Prime; _module_preset=\u00a0\u00bbdefault\u00a0\u00bb custom_button=\u00a0\u00bbon\u00a0\u00bb button_text_size=\u00a0\u00bb16px\u00a0\u00bb button_text_color=\u00a0\u00bb#FFFFFF\u00a0\u00bb button_bg_color=\u00a0\u00bbgcid-262a5087-69c7-4ab5-bd27-47ff6ef1b12c\u00a0\u00bb button_border_color=\u00a0\u00bbgcid-262a5087-69c7-4ab5-bd27-47ff6ef1b12c\u00a0\u00bb button_border_radius=\u00a0\u00bb0px\u00a0\u00bb button_font=\u00a0\u00bbMaven Pro||||||||\u00a0\u00bb button_use_icon=\u00a0\u00bboff\u00a0\u00bb custom_padding=\u00a0\u00bb15px|57px|15px|57px|true|true\u00a0\u00bb global_colors_info=\u00a0\u00bb{%22gcid-262a5087-69c7-4ab5-bd27-47ff6ef1b12c%22:%91%22button_bg_color%22,%22button_border_color%22%93,%22gcid-e9c4ecb2-a2ee-4bb2-87fe-454899dccc09%22:%91%22button_bg_color__hover%22,%22button_border_color__hover%22%93}\u00a0\u00bb button_bg_color__hover_enabled=\u00a0\u00bbon|hover\u00a0\u00bb button_bg_color__hover=\u00a0\u00bb#81b563&Prime; button_bg_enable_color__hover=\u00a0\u00bbon\u00a0\u00bb button_border_color__hover_enabled=\u00a0\u00bbon|hover\u00a0\u00bb button_border_color__hover=\u00a0\u00bb#81b563&Prime;][\/et_pb_button][\/et_pb_column][et_pb_column type=\u00a0\u00bb1_3&Prime; _builder_version=\u00a0\u00bb4.23.1&Prime; _module_preset=\u00a0\u00bbdefault\u00a0\u00bb global_colors_info=\u00a0\u00bb{}\u00a0\u00bb][\/et_pb_column][\/et_pb_row][\/et_pb_section][et_pb_section fb_built=\u00a0\u00bb1&Prime; _builder_version=\u00a0\u00bb4.27.0&Prime; _module_preset=\u00a0\u00bbdefault\u00a0\u00bb custom_padding=\u00a0\u00bb||20px||false|false\u00a0\u00bb global_colors_info=\u00a0\u00bb{}\u00a0\u00bb][et_pb_row column_structure=\u00a0\u00bb1_2,1_2&Prime; _builder_version=\u00a0\u00bb4.27.0&Prime; _module_preset=\u00a0\u00bbdefault\u00a0\u00bb custom_padding=\u00a0\u00bb0px||||false|false\u00a0\u00bb global_colors_info=\u00a0\u00bb{}\u00a0\u00bb][et_pb_column type=\u00a0\u00bb1_2&Prime; _builder_version=\u00a0\u00bb4.27.0&Prime; _module_preset=\u00a0\u00bbdefault\u00a0\u00bb global_colors_info=\u00a0\u00bb{}\u00a0\u00bb][et_pb_text _builder_version=\u00a0\u00bb4.27.0&Prime; _module_preset=\u00a0\u00bbdefault\u00a0\u00bb text_font=\u00a0\u00bbRoboto|300|||||||\u00a0\u00bb text_text_color=\u00a0\u00bb#000000&Prime; text_font_size=\u00a0\u00bb16px\u00a0\u00bb text_orientation=\u00a0\u00bbjustified\u00a0\u00bb custom_margin=\u00a0\u00bb||0px||false|false\u00a0\u00bb global_colors_info=\u00a0\u00bb{}\u00a0\u00bb]<\/p>\n<p>De nos jours, la climatisation est devenue une n\u00e9cessit\u00e9 dans de nombreux foyers et entreprises. Le climat chaud et humide d&rsquo;Alicante rend l&rsquo;installation d&rsquo;un syst\u00e8me de climatisation essentielle pour assurer le confort et la productivit\u00e9 des personnes. <\/p>\n<p>Chez Ecoclima, nous ne nous contentons pas de fournir des solutions d&rsquo;installation et d&rsquo;entretien de climatisation de haute qualit\u00e9, mais nous nous soucions \u00e9galement de l&rsquo;impact environnemental de nos produits et services. Nous travaillons avec des marques reconnues pour leur engagement en mati\u00e8re d&rsquo;efficacit\u00e9 \u00e9nerg\u00e9tique et de r\u00e9duction des \u00e9missions de CO2. <\/p>\n<p>[\/et_pb_text][\/et_pb_column][et_pb_column type=\u00a0\u00bb1_2&Prime; _builder_version=\u00a0\u00bb4.27.0&Prime; _module_preset=\u00a0\u00bbdefault\u00a0\u00bb global_colors_info=\u00a0\u00bb{}\u00a0\u00bb][et_pb_text _builder_version=\u00a0\u00bb4.27.0&Prime; _module_preset=\u00a0\u00bbdefault\u00a0\u00bb text_font=\u00a0\u00bbRoboto|300|||||||\u00a0\u00bb text_text_color=\u00a0\u00bb#000000&Prime; text_font_size=\u00a0\u00bb16px\u00a0\u00bb text_orientation=\u00a0\u00bbjustified\u00a0\u00bb custom_margin=\u00a0\u00bb||0px||false|false\u00a0\u00bb global_colors_info=\u00a0\u00bb{}\u00a0\u00bb]<\/p>\n<p>Nous offrons une large gamme de services <strong>d&rsquo;installation de climatisation \u00e0 Alicante<\/strong> pour les maisons, les entreprises et les b\u00e2timents commerciaux : des syst\u00e8mes de climatisation centraux aux unit\u00e9s murales.<\/p>\n<p>Nous proposons une large gamme <strong>d&rsquo;unit\u00e9s de climatisation<\/strong> en version simple ou multi-split, ainsi que des unit\u00e9s murales, \u00e0 conduit, \u00e0 cassette, de plafond et de sol.<\/p>\n<p>[\/et_pb_text][\/et_pb_column][\/et_pb_row][\/et_pb_section][et_pb_section fb_built=\u00a0\u00bb1&Prime; _builder_version=\u00a0\u00bb4.27.0&Prime; _module_preset=\u00a0\u00bbdefault\u00a0\u00bb custom_margin=\u00a0\u00bb||||false|false\u00a0\u00bb custom_padding=\u00a0\u00bb0px||0px||true|false\u00a0\u00bb global_colors_info=\u00a0\u00bb{}\u00a0\u00bb][et_pb_row column_structure=\u00a0\u00bb3_5,2_5&Prime; use_custom_gutter=\u00a0\u00bbon\u00a0\u00bb gutter_width=\u00a0\u00bb1&Prime; make_equal=\u00a0\u00bbon\u00a0\u00bb _builder_version=\u00a0\u00bb4.27.0&Prime; _module_preset=\u00a0\u00bbdefault\u00a0\u00bb background_enable_image=\u00a0\u00bboff\u00a0\u00bb width=\u00a0\u00bb100%\u00a0\u00bb max_width=\u00a0\u00bb100%\u00a0\u00bb custom_padding=\u00a0\u00bb0px||0px||true|false\u00a0\u00bb global_colors_info=\u00a0\u00bb{}\u00a0\u00bb][et_pb_column type=\u00a0\u00bb3_5&Prime; _builder_version=\u00a0\u00bb4.27.0&Prime; _module_preset=\u00a0\u00bbdefault\u00a0\u00bb background_image=\u00a0\u00bbhttps:\/\/ecoclimalevante.es\/wp-content\/uploads\/2024\/09\/AdobeStock_315911233.jpg\u00a0\u00bb custom_padding_tablet=\u00a0\u00bb\u00a0\u00bb custom_padding_phone=\u00a0\u00bb150px||150px||false|false\u00a0\u00bb custom_padding_last_edited=\u00a0\u00bbon|phone\u00a0\u00bb global_colors_info=\u00a0\u00bb{}\u00a0\u00bb custom_css_main_element_last_edited=\u00a0\u00bbon|phone\u00a0\u00bb custom_css_main_element_phone=\u00a0\u00bbdisplay: block !important;\u00a0\u00bb][\/et_pb_column][et_pb_column type=\u00a0\u00bb2_5&Prime; _builder_version=\u00a0\u00bb4.27.0&Prime; _module_preset=\u00a0\u00bbdefault\u00a0\u00bb custom_padding=\u00a0\u00bb50px|50px|50px|50px|true|true\u00a0\u00bb border_width_top=\u00a0\u00bb1px\u00a0\u00bb border_color_top=\u00a0\u00bb#f2f2f2&Prime; border_width_bottom=\u00a0\u00bb1px\u00a0\u00bb border_color_bottom=\u00a0\u00bb#f2f2f2&Prime; global_colors_info=\u00a0\u00bb{}\u00a0\u00bb][et_pb_text _builder_version=\u00a0\u00bb4.27.0&Prime; _module_preset=\u00a0\u00bbdefault\u00a0\u00bb text_font=\u00a0\u00bbMaven Pro|||on|||||\u00a0\u00bb text_text_color=\u00a0\u00bbgcid-e9c4ecb2-a2ee-4bb2-87fe-454899dccc09&Prime; text_letter_spacing=\u00a0\u00bb2px\u00a0\u00bb header_5_font=\u00a0\u00bbOutfit|||on|||||\u00a0\u00bb header_5_text_align=\u00a0\u00bbcenter\u00a0\u00bb header_5_text_color=\u00a0\u00bbgcid-58d3720d-fb3e-4df7-b0b6-3a5d19345b7b\u00a0\u00bb header_5_font_size=\u00a0\u00bb14px\u00a0\u00bb header_5_letter_spacing=\u00a0\u00bb2px\u00a0\u00bb custom_margin=\u00a0\u00bb||10px||false|false\u00a0\u00bb global_colors_info=\u00a0\u00bb{%22gcid-58d3720d-fb3e-4df7-b0b6-3a5d19345b7b%22:%91%22header_5_text_color%22%93,%22gcid-e9c4ecb2-a2ee-4bb2-87fe-454899dccc09%22:%91%22text_text_color%22%93}\u00a0\u00bb]<\/p>\n<p>Climatisation<\/p>\n<p>[\/et_pb_text][et_pb_text _builder_version=\u00a0\u00bb4.27.0&Prime; _module_preset=\u00a0\u00bbdefault\u00a0\u00bb header_2_font=\u00a0\u00bbMaven Pro|700|||||||\u00a0\u00bb header_2_text_align=\u00a0\u00bbleft\u00a0\u00bb header_2_text_color=\u00a0\u00bbgcid-262a5087-69c7-4ab5-bd27-47ff6ef1b12c\u00a0\u00bb header_2_font_size=\u00a0\u00bb50px\u00a0\u00bb custom_margin=\u00a0\u00bb||20px||false|false\u00a0\u00bb header_2_font_size_tablet=\u00a0\u00bb50px\u00a0\u00bb header_2_font_size_phone=\u00a0\u00bb40px\u00a0\u00bb header_2_font_size_last_edited=\u00a0\u00bbon|phone\u00a0\u00bb global_colors_info=\u00a0\u00bb{%22gcid-262a5087-69c7-4ab5-bd27-47ff6ef1b12c%22:%91%22header_2_text_color%22%93}\u00a0\u00bb]<\/p>\n<h2>Climatisation \u00e0 Alicante<\/h2>\n<p>[\/et_pb_text][et_pb_text _builder_version=\u00a0\u00bb4.27.0&Prime; _module_preset=\u00a0\u00bbdefault\u00a0\u00bb text_font=\u00a0\u00bbRoboto|300|||||||\u00a0\u00bb text_text_color=\u00a0\u00bb#000000&Prime; text_font_size=\u00a0\u00bb16px\u00a0\u00bb custom_margin=\u00a0\u00bb||30px||false|false\u00a0\u00bb global_colors_info=\u00a0\u00bb{}\u00a0\u00bb]<\/p>\n<p>Notre entreprise a plus de 25 ans d&rsquo;exp\u00e9rience, ce qui fait d&rsquo;elle l&rsquo;une des<strong> principales entreprises du secteur de la climatisation \u00e0 Alicante<\/strong>. Nous offrons un service exceptionnel \u00e0 nos clients, car nous nous assurons de travailler en \u00e9troite collaboration avec eux pour comprendre leurs besoins en mati\u00e8re de climatisation et fournir des solutions rentables et efficaces qui r\u00e9pondent \u00e0 leurs exigences sp\u00e9cifiques. <\/p>\n<p>Notre \u00e9quipe <strong>d&rsquo;installateurs de climatisation<\/strong> hautement qualifi\u00e9s fournira un service de qualit\u00e9 et personnalis\u00e9 pour r\u00e9pondre aux besoins de nos clients.<\/p>\n<p>En tant que sp\u00e9cialistes de l&rsquo;installation d&rsquo;\u00e9quipements de climatisation, nous travaillons avec les meilleures marques telles que Panasonic, Daikin, Mitsubishi Electric, Fujitsu, LG, etc., toutes avec des coefficients \u00e9nerg\u00e9tiques A++ et A+++, ce qui signifie une faible consommation et une grande \u00e9conomie d&rsquo;\u00e9nergie, ainsi qu&rsquo;une collaboration \u00e0 la r\u00e9duction des \u00e9missions de CO2.<\/p>\n<p>Si vous d\u00e9cidez d&rsquo;installer un syst\u00e8me de climatisation \u00e0 Alicante, EcoClima Levante vous offre des conseils professionnels pour vous aider \u00e0 choisir le meilleur syst\u00e8me de climatisation pour votre maison, votre bureau ou vos locaux commerciaux, en tenant compte de vos besoins et en s&rsquo;adaptant toujours \u00e0 votre budget.<\/p>\n<p>N&rsquo;h\u00e9sitez pas \u00e0 nous contacter pour que nous puissions vous aider et vous conseiller sur tout ce dont vous avez besoin, en vous proposant un devis sans engagement.<\/p>\n<p>[\/et_pb_text][et_pb_button button_url=\u00a0\u00bbhttps:\/\/ecoclimalevante.es\/fr\/contact\/\u00a0\u00bb button_text=\u00a0\u00bbDemandez-nous un devis\u00a0\u00bb _builder_version=\u00a0\u00bb4.27.0&Prime; _module_preset=\u00a0\u00bbdefault\u00a0\u00bb custom_button=\u00a0\u00bbon\u00a0\u00bb button_text_size=\u00a0\u00bb16px\u00a0\u00bb button_text_color=\u00a0\u00bb#FFFFFF\u00a0\u00bb button_bg_color=\u00a0\u00bbgcid-262a5087-69c7-4ab5-bd27-47ff6ef1b12c\u00a0\u00bb button_border_color=\u00a0\u00bbgcid-262a5087-69c7-4ab5-bd27-47ff6ef1b12c\u00a0\u00bb button_border_radius=\u00a0\u00bb0px\u00a0\u00bb button_font=\u00a0\u00bbMaven Pro||||||||\u00a0\u00bb button_use_icon=\u00a0\u00bboff\u00a0\u00bb custom_padding=\u00a0\u00bb15px|57px|15px|57px|true|true\u00a0\u00bb global_colors_info=\u00a0\u00bb{%22gcid-262a5087-69c7-4ab5-bd27-47ff6ef1b12c%22:%91%22button_bg_color%22,%22button_border_color%22%93,%22gcid-e9c4ecb2-a2ee-4bb2-87fe-454899dccc09%22:%91%22button_bg_color__hover%22,%22button_border_color__hover%22%93}\u00a0\u00bb button_bg_color__hover_enabled=\u00a0\u00bbon|hover\u00a0\u00bb button_bg_color__hover=\u00a0\u00bb#81b563&Prime; button_bg_enable_color__hover=\u00a0\u00bbon\u00a0\u00bb button_border_color__hover_enabled=\u00a0\u00bbon|hover\u00a0\u00bb button_border_color__hover=\u00a0\u00bb#81b563&Prime;][\/et_pb_button][\/et_pb_column][\/et_pb_row][\/et_pb_section][et_pb_section fb_built=\u00a0\u00bb1&Prime; custom_padding_last_edited=\u00a0\u00bbon|phone\u00a0\u00bb _builder_version=\u00a0\u00bb4.27.0&Prime; _module_preset=\u00a0\u00bbdefault\u00a0\u00bb custom_padding_tablet=\u00a0\u00bb\u00a0\u00bb custom_padding_phone=\u00a0\u00bb20px||||false|false\u00a0\u00bb global_colors_info=\u00a0\u00bb{}\u00a0\u00bb][et_pb_row _builder_version=\u00a0\u00bb4.27.0&Prime; _module_preset=\u00a0\u00bbdefault\u00a0\u00bb global_colors_info=\u00a0\u00bb{}\u00a0\u00bb][et_pb_column type=\u00a0\u00bb4_4&Prime; _builder_version=\u00a0\u00bb4.27.0&Prime; _module_preset=\u00a0\u00bbdefault\u00a0\u00bb global_colors_info=\u00a0\u00bb{}\u00a0\u00bb][et_pb_text _builder_version=\u00a0\u00bb4.27.0&Prime; _module_preset=\u00a0\u00bbdefault\u00a0\u00bb header_2_font=\u00a0\u00bbMaven Pro|700|||||||\u00a0\u00bb header_2_text_align=\u00a0\u00bbleft\u00a0\u00bb header_2_text_color=\u00a0\u00bbgcid-262a5087-69c7-4ab5-bd27-47ff6ef1b12c\u00a0\u00bb header_2_font_size=\u00a0\u00bb50px\u00a0\u00bb custom_margin=\u00a0\u00bb||20px||false|false\u00a0\u00bb header_2_font_size_tablet=\u00a0\u00bb50px\u00a0\u00bb header_2_font_size_phone=\u00a0\u00bb40px\u00a0\u00bb header_2_font_size_last_edited=\u00a0\u00bbon|phone\u00a0\u00bb global_colors_info=\u00a0\u00bb{%22gcid-262a5087-69c7-4ab5-bd27-47ff6ef1b12c%22:%91%22header_2_text_color%22%93}\u00a0\u00bb]<\/p>\n<h2>Entretien de la climatisation \u00e0 Alicante<\/h2>\n<p>[\/et_pb_text][et_pb_text _builder_version=\u00a0\u00bb4.27.0&Prime; _module_preset=\u00a0\u00bbdefault\u00a0\u00bb text_font=\u00a0\u00bbRoboto|300|||||||\u00a0\u00bb text_text_color=\u00a0\u00bb#000000&Prime; text_font_size=\u00a0\u00bb16px\u00a0\u00bb custom_margin=\u00a0\u00bb||||false|false\u00a0\u00bb global_colors_info=\u00a0\u00bb{}\u00a0\u00bb]<\/p>\n<p><strong>L&rsquo;entretien des climatiseurs<\/strong> est l&rsquo;une des t\u00e2ches les plus importantes \u00e0 effectuer pour garantir le bon fonctionnement de tous les dispositifs impliqu\u00e9s, tant pour la production de froid que de chaleur.<\/p>\n<p>Une installation bien entretenue permet de prolonger la dur\u00e9e de vie utile de l&rsquo;\u00e9quipement, ce qui, ajout\u00e9 aux \u00e9conomies d&rsquo;\u00e9nergie d\u00e9coulant d&rsquo;un fonctionnement correct, se traduit par une r\u00e9duction de la consommation de votre installation de climatisation.<\/p>\n<p>En plus de nos services d&rsquo;installation, nous offrons \u00e9galement des <strong>services de maintenance de climatisation \u00e0 Alicante<\/strong>. Nos techniciens accr\u00e9dit\u00e9s en climatisation ont plus de 25 ans d&rsquo;exp\u00e9rience, ce qui garantit un service d&rsquo;entretien et de r\u00e9paration de qualit\u00e9. <\/p>\n<p>[\/et_pb_text][\/et_pb_column][\/et_pb_row][et_pb_row column_structure=\u00a0\u00bb1_2,1_2&Prime; _builder_version=\u00a0\u00bb4.27.0&Prime; _module_preset=\u00a0\u00bbdefault\u00a0\u00bb global_colors_info=\u00a0\u00bb{}\u00a0\u00bb][et_pb_column type=\u00a0\u00bb1_2&Prime; _builder_version=\u00a0\u00bb4.27.0&Prime; _module_preset=\u00a0\u00bbdefault\u00a0\u00bb global_colors_info=\u00a0\u00bb{}\u00a0\u00bb][et_pb_image src=\u00a0\u00bbhttps:\/\/ecoclimalevante.es\/wp-content\/uploads\/2024\/09\/instalacion-aire-acondicionado.jpg\u00a0\u00bb title_text=\u00a0\u00bbinstalacion-aire-acondicionado\u00a0\u00bb align=\u00a0\u00bbcenter\u00a0\u00bb _builder_version=\u00a0\u00bb4.27.0&Prime; _module_preset=\u00a0\u00bbdefault\u00a0\u00bb global_colors_info=\u00a0\u00bb{}\u00a0\u00bb][\/et_pb_image][\/et_pb_column][et_pb_column type=\u00a0\u00bb1_2&Prime; _builder_version=\u00a0\u00bb4.27.0&Prime; _module_preset=\u00a0\u00bbdefault\u00a0\u00bb global_colors_info=\u00a0\u00bb{}\u00a0\u00bb][et_pb_image src=\u00a0\u00bbhttps:\/\/ecoclimalevante.es\/wp-content\/uploads\/2024\/09\/aire-acondicionado-cassette.jpg\u00a0\u00bb title_text=\u00a0\u00bbaire-acondicionado-cassette\u00a0\u00bb align=\u00a0\u00bbcenter\u00a0\u00bb _builder_version=\u00a0\u00bb4.27.0&Prime; _module_preset=\u00a0\u00bbdefault\u00a0\u00bb global_colors_info=\u00a0\u00bb{}\u00a0\u00bb][\/et_pb_image][\/et_pb_column][\/et_pb_row][\/et_pb_section][et_pb_section fb_built=\u00a0\u00bb1&Prime; _builder_version=\u00a0\u00bb4.27.0&Prime; _module_preset=\u00a0\u00bbdefault\u00a0\u00bb background_color=\u00a0\u00bbrgba(0,0,0,0.23)\u00a0\u00bb background_image=\u00a0\u00bbhttps:\/\/ecoclimalevante.es\/wp-content\/uploads\/2024\/09\/AdobeStock_479954200-scaled.jpeg\u00a0\u00bb parallax=\u00a0\u00bbon\u00a0\u00bb parallax_method=\u00a0\u00bboff\u00a0\u00bb background_blend=\u00a0\u00bbmultiply\u00a0\u00bb custom_padding=\u00a0\u00bb20px||20px||true|false\u00a0\u00bb custom_css_before=\u00a0\u00bbcontent:%22%22;||display: block;||position: absolute;||top: 0;||left: 0;||width: 100%;||height: 100%;||background: black;||opacity: 0.2;||z-index: 1;\u00a0\u00bb global_colors_info=\u00a0\u00bb{}\u00a0\u00bb][et_pb_row _builder_version=\u00a0\u00bb4.27.0&Prime; _module_preset=\u00a0\u00bbdefault\u00a0\u00bb global_colors_info=\u00a0\u00bb{}\u00a0\u00bb][et_pb_column type=\u00a0\u00bb4_4&Prime; _builder_version=\u00a0\u00bb4.27.0&Prime; _module_preset=\u00a0\u00bbdefault\u00a0\u00bb global_colors_info=\u00a0\u00bb{}\u00a0\u00bb][et_pb_text _builder_version=\u00a0\u00bb4.27.0&Prime; _module_preset=\u00a0\u00bbdefault\u00a0\u00bb header_2_font=\u00a0\u00bbMaven Pro|700|||||||\u00a0\u00bb header_2_text_align=\u00a0\u00bbcenter\u00a0\u00bb header_2_text_color=\u00a0\u00bb#FFFFFF\u00a0\u00bb header_2_font_size=\u00a0\u00bb50px\u00a0\u00bb custom_margin=\u00a0\u00bb||20px||false|false\u00a0\u00bb header_2_font_size_tablet=\u00a0\u00bb50px\u00a0\u00bb header_2_font_size_phone=\u00a0\u00bb40px\u00a0\u00bb header_2_font_size_last_edited=\u00a0\u00bbon|phone\u00a0\u00bb global_colors_info=\u00a0\u00bb{}\u00a0\u00bb]<\/p>\n<h2>Demande de devis gratuit<\/h2>\n<p>[\/et_pb_text][et_pb_text _builder_version=\u00a0\u00bb4.27.0&Prime; _module_preset=\u00a0\u00bbdefault\u00a0\u00bb text_font=\u00a0\u00bbRoboto|300|||||||\u00a0\u00bb text_text_color=\u00a0\u00bb#FFFFFF\u00a0\u00bb text_font_size=\u00a0\u00bb18px\u00a0\u00bb text_orientation=\u00a0\u00bbcenter\u00a0\u00bb custom_margin=\u00a0\u00bb||30px||false|false\u00a0\u00bb global_colors_info=\u00a0\u00bb{}\u00a0\u00bb]<\/p>\n<p>Si vous souhaitez faire confiance \u00e0 EcoClima Levante pour<strong> l&rsquo;installation et la maintenance de votre climatisation \u00e0 Alicante<\/strong>, nous nous adaptons dans chaque cas \u00e0 la meilleure solution. N&rsquo;h\u00e9sitez pas \u00e0 nous contacter et nous vous proposerons un devis sans engagement. <\/p>\n<p>[\/et_pb_text][et_pb_button button_url=\u00a0\u00bbhttps:\/\/ecoclimalevante.es\/fr\/contact\/\u00a0\u00bb button_text=\u00a0\u00bbDemandez-nous un devis\u00a0\u00bb button_alignment=\u00a0\u00bbcenter\u00a0\u00bb _builder_version=\u00a0\u00bb4.27.0&Prime; _module_preset=\u00a0\u00bbdefault\u00a0\u00bb custom_button=\u00a0\u00bbon\u00a0\u00bb button_text_size=\u00a0\u00bb16px\u00a0\u00bb button_text_color=\u00a0\u00bb#FFFFFF\u00a0\u00bb button_bg_color=\u00a0\u00bbgcid-262a5087-69c7-4ab5-bd27-47ff6ef1b12c\u00a0\u00bb button_border_color=\u00a0\u00bbgcid-262a5087-69c7-4ab5-bd27-47ff6ef1b12c\u00a0\u00bb button_border_radius=\u00a0\u00bb0px\u00a0\u00bb button_font=\u00a0\u00bbMaven Pro||||||||\u00a0\u00bb button_use_icon=\u00a0\u00bboff\u00a0\u00bb custom_padding=\u00a0\u00bb15px|57px|15px|57px|true|true\u00a0\u00bb global_colors_info=\u00a0\u00bb{%22gcid-262a5087-69c7-4ab5-bd27-47ff6ef1b12c%22:%91%22button_bg_color%22,%22button_border_color%22%93,%22gcid-e9c4ecb2-a2ee-4bb2-87fe-454899dccc09%22:%91%22button_bg_color__hover%22,%22button_border_color__hover%22%93}\u00a0\u00bb button_bg_color__hover_enabled=\u00a0\u00bbon|hover\u00a0\u00bb button_bg_color__hover=\u00a0\u00bb#81b563&Prime; button_bg_enable_color__hover=\u00a0\u00bbon\u00a0\u00bb button_border_color__hover_enabled=\u00a0\u00bbon|hover\u00a0\u00bb button_border_color__hover=\u00a0\u00bb#81b563&Prime;][\/et_pb_button][\/et_pb_column][\/et_pb_row][\/et_pb_section][et_pb_section fb_built=\u00a0\u00bb1&Prime; _builder_version=\u00a0\u00bb4.27.0&Prime; _module_preset=\u00a0\u00bbdefault\u00a0\u00bb global_colors_info=\u00a0\u00bb{}\u00a0\u00bb][et_pb_row _builder_version=\u00a0\u00bb4.27.0&Prime; _module_preset=\u00a0\u00bbdefault\u00a0\u00bb global_colors_info=\u00a0\u00bb{}\u00a0\u00bb][et_pb_column type=\u00a0\u00bb4_4&Prime; _builder_version=\u00a0\u00bb4.27.0&Prime; _module_preset=\u00a0\u00bbdefault\u00a0\u00bb global_colors_info=\u00a0\u00bb{}\u00a0\u00bb][et_pb_text _builder_version=\u00a0\u00bb4.27.0&Prime; _module_preset=\u00a0\u00bbdefault\u00a0\u00bb header_2_font=\u00a0\u00bbMaven Pro|700|||||||\u00a0\u00bb header_2_text_align=\u00a0\u00bbleft\u00a0\u00bb header_2_text_color=\u00a0\u00bbgcid-262a5087-69c7-4ab5-bd27-47ff6ef1b12c\u00a0\u00bb header_2_font_size=\u00a0\u00bb50px\u00a0\u00bb custom_margin=\u00a0\u00bb||20px||false|false\u00a0\u00bb header_2_font_size_tablet=\u00a0\u00bb50px\u00a0\u00bb header_2_font_size_phone=\u00a0\u00bb40px\u00a0\u00bb header_2_font_size_last_edited=\u00a0\u00bbon|phone\u00a0\u00bb global_colors_info=\u00a0\u00bb{%22gcid-262a5087-69c7-4ab5-bd27-47ff6ef1b12c%22:%91%22header_2_text_color%22%93}\u00a0\u00bb]<\/p>\n<h2>Derniers travaux<\/h2>\n<p>[\/et_pb_text][et_pb_gallery gallery_ids=\u00a0\u00bb457,458,459,460,461&Prime; posts_number=\u00a0\u00bb5&Prime; show_title_and_caption=\u00a0\u00bboff\u00a0\u00bb show_pagination=\u00a0\u00bboff\u00a0\u00bb zoom_icon_color=\u00a0\u00bbgcid-262a5087-69c7-4ab5-bd27-47ff6ef1b12c\u00a0\u00bb hover_overlay_color=\u00a0\u00bbrgba(53,53,53,0.35)\u00a0\u00bb hover_icon=\u00a0\u00bb&#x4c;||divi||400&Prime; _builder_version=\u00a0\u00bb4.27.0&Prime; _module_preset=\u00a0\u00bbdefault\u00a0\u00bb custom_css_gallery_item=\u00a0\u00bbpadding: 1px;||margin: 0!important;||width: 20%!important;||clear: none!important;\u00a0\u00bb global_colors_info=\u00a0\u00bb{%22gcid-262a5087-69c7-4ab5-bd27-47ff6ef1b12c%22:%91%22zoom_icon_color%22%93}\u00a0\u00bb custom_css_gallery_item_last_edited=\u00a0\u00bbon|phone\u00a0\u00bb custom_css_gallery_item_phone=\u00a0\u00bbpadding: 1px;||margin: 0!important;||width: 50%!important;||clear: none!important;\u00a0\u00bb custom_css_gallery_item_tablet=\u00a0\u00bbpadding: 1px;||margin: 0!important;||width: 20%!important;||clear: none!important;\u00a0\u00bb][\/et_pb_gallery][\/et_pb_column][\/et_pb_row][\/et_pb_section]<\/p>\n","protected":false},"excerpt":{"rendered":"<p>service d&rsquo;installation de climatisationInstallation de la climatisation \u00e0 AlicanteDe nos jours, la climatisation est devenue une n\u00e9cessit\u00e9 dans de nombreux foyers et entreprises. Le climat chaud et humide d&rsquo;Alicante rend l&rsquo;installation d&rsquo;un syst\u00e8me de climatisation essentielle pour assurer le confort et la productivit\u00e9 des personnes. Chez Ecoclima, nous ne nous contentons pas de fournir des [&hellip;]<\/p>\n","protected":false},"author":1,"featured_media":0,"parent":0,"menu_order":0,"comment_status":"closed","ping_status":"closed","template":"","meta":{"_et_pb_use_builder":"on","_et_pb_old_content":"","_et_gb_content_width":"","footnotes":""},"class_list":["post-559","page","type-page","status-publish","hentry"],"_links":{"self":[{"href":"https:\/\/ecoclimalevante.es\/fr\/wp-json\/wp\/v2\/pages\/559","targetHints":{"allow":["GET"]}}],"collection":[{"href":"https:\/\/ecoclimalevante.es\/fr\/wp-json\/wp\/v2\/pages"}],"about":[{"href":"https:\/\/ecoclimalevante.es\/fr\/wp-json\/wp\/v2\/types\/page"}],"author":[{"embeddable":true,"href":"https:\/\/ecoclimalevante.es\/fr\/wp-json\/wp\/v2\/users\/1"}],"replies":[{"embeddable":true,"href":"https:\/\/ecoclimalevante.es\/fr\/wp-json\/wp\/v2\/comments?post=559"}],"version-history":[{"count":10,"href":"https:\/\/ecoclimalevante.es\/fr\/wp-json\/wp\/v2\/pages\/559\/revisions"}],"predecessor-version":[{"id":664,"href":"https:\/\/ecoclimalevante.es\/fr\/wp-json\/wp\/v2\/pages\/559\/revisions\/664"}],"wp:attachment":[{"href":"https:\/\/ecoclimalevante.es\/fr\/wp-json\/wp\/v2\/media?parent=559"}],"curies":[{"name":"wp","href":"https:\/\/api.w.org\/{rel}","templated":true}]}}