{"id":508,"date":"2024-09-19T09:33:32","date_gmt":"2024-09-19T07:33:32","guid":{"rendered":"https:\/\/ecoclimalevante.es\/politique-de-confidentialite\/"},"modified":"2024-09-23T11:26:32","modified_gmt":"2024-09-23T09:26:32","slug":"politique-de-confidentialite","status":"publish","type":"page","link":"https:\/\/ecoclimalevante.es\/fr\/politique-de-confidentialite\/","title":{"rendered":"Politique de confidentialit\u00e9"},"content":{"rendered":"<p>[et_pb_section fb_built=\u00a0\u00bb1&Prime; _builder_version=\u00a0\u00bb4.27.0&Prime; _module_preset=\u00a0\u00bbdefault\u00a0\u00bb hover_enabled=\u00a0\u00bb0&Prime; global_colors_info=\u00a0\u00bb{}\u00a0\u00bb custom_padding_last_edited=\u00a0\u00bbon|phone\u00a0\u00bb custom_padding_phone=\u00a0\u00bb20px||||false|false\u00a0\u00bb sticky_enabled=\u00a0\u00bb0&Prime;][et_pb_row _builder_version=\u00a0\u00bb4.23.1&Prime; _module_preset=\u00a0\u00bbdefault\u00a0\u00bb global_colors_info=\u00a0\u00bb{}\u00a0\u00bb][et_pb_column type=\u00a0\u00bb4_4&Prime; _builder_version=\u00a0\u00bb4.23.1&Prime; _module_preset=\u00a0\u00bbdefault\u00a0\u00bb global_colors_info=\u00a0\u00bb{}\u00a0\u00bb][et_pb_text _builder_version=\u00a0\u00bb4.27.0&Prime; _module_preset=\u00a0\u00bbdefault\u00a0\u00bb header_2_font=\u00a0\u00bbMaven Pro|700|||||||\u00a0\u00bb header_2_text_align=\u00a0\u00bbleft\u00a0\u00bb header_2_text_color=\u00a0\u00bbgcid-262a5087-69c7-4ab5-bd27-47ff6ef1b12c\u00a0\u00bb header_2_font_size=\u00a0\u00bb50px\u00a0\u00bb hover_enabled=\u00a0\u00bb0&Prime; global_colors_info=\u00a0\u00bb{%22gcid-262a5087-69c7-4ab5-bd27-47ff6ef1b12c%22:%91%22header_2_text_color%22%93}\u00a0\u00bb header_2_font_size_last_edited=\u00a0\u00bbon|phone\u00a0\u00bb header_2_font_size_phone=\u00a0\u00bb40px\u00a0\u00bb sticky_enabled=\u00a0\u00bb0&Prime; header_2_font_size_tablet=\u00a0\u00bb50px\u00a0\u00bb]<\/p>\n<h2>Politique de confidentialit\u00e9<\/h2>\n<p>[\/et_pb_text][et_pb_text _builder_version=\u00a0\u00bb4.27.0&Prime; _module_preset=\u00a0\u00bbdefault\u00a0\u00bb text_font=\u00a0\u00bbRoboto|300|||||||\u00a0\u00bb text_text_color=\u00a0\u00bb#000000&Prime; text_font_size=\u00a0\u00bb16px\u00a0\u00bb text_orientation=\u00a0\u00bbjustified\u00a0\u00bb global_colors_info=\u00a0\u00bb{}\u00a0\u00bb]<\/p>\n<p>Informations de base sur la protection des donn\u00e9es<\/p>\n<p><strong>Responsable du traitement des donn\u00e9es:<\/strong> Jos\u00e9 Terol Magan<br \/><strong>Si\u00e8ge social<\/strong>: C\/ Poniente, 32, 03111 &#8211; Busot (ALICANTE)<br \/><strong>C.I.F.\/N.I.F.<\/strong>: 21447906S<br \/><strong>T\u00e9l\u00e9phone<\/strong>: 965 699 597<br \/><strong>Email<\/strong>: info@ecoclimalevante.es<\/p>\n<p><strong>Objectif<\/strong><\/p>\n<p>Recrutement, gestion commerciale, envoi de publicit\u00e9 et prospection commerciale.<\/p>\n<p><strong>L\u00e9gitimation<\/strong><\/p>\n<p>Obligation l\u00e9gale, relation contractuelle et consentement<\/p>\n<p><strong>Destinataires<\/strong><\/p>\n<p>Aucune donn\u00e9e n&rsquo;est transmise \u00e0 des tiers, sauf en cas d&rsquo;obligation l\u00e9gale.<br \/>Pas de transfert international de donn\u00e9es<\/p>\n<p><strong>Droits de l&rsquo;homme<\/strong><\/p>\n<p>Acc\u00e8s, rectification et suppression des donn\u00e9es, ainsi que d&rsquo;autres droits, comme expliqu\u00e9 dans les informations compl\u00e9mentaires.<\/p>\n<p><strong>Origine des donn\u00e9es<\/strong><\/p>\n<p>De la part des parties prenantes<\/p>\n<p><strong>Informations compl\u00e9mentaires<\/strong><\/p>\n<p>Des informations plus d\u00e9taill\u00e9es sur la mani\u00e8re dont nous traitons vos donn\u00e9es peuvent \u00eatre trouv\u00e9es dans la politique de confidentialit\u00e9.<\/p>\n<p>[\/et_pb_text][et_pb_text _builder_version=\u00a0\u00bb4.27.0&Prime; _module_preset=\u00a0\u00bbdefault\u00a0\u00bb text_font=\u00a0\u00bbMaven Pro|700|||||||\u00a0\u00bb text_text_color=\u00a0\u00bbgcid-262a5087-69c7-4ab5-bd27-47ff6ef1b12c\u00a0\u00bb text_font_size=\u00a0\u00bb30px\u00a0\u00bb header_2_font=\u00a0\u00bbMaven Pro|700|||||||\u00a0\u00bb header_2_text_align=\u00a0\u00bbleft\u00a0\u00bb header_2_text_color=\u00a0\u00bbgcid-262a5087-69c7-4ab5-bd27-47ff6ef1b12c\u00a0\u00bb header_2_font_size=\u00a0\u00bb50px\u00a0\u00bb custom_margin=\u00a0\u00bb50px||||false|false\u00a0\u00bb global_colors_info=\u00a0\u00bb{%22gcid-262a5087-69c7-4ab5-bd27-47ff6ef1b12c%22:%91%22header_2_text_color%22,%22text_text_color%22%93}\u00a0\u00bb]<\/p>\n<p>Politique de confidentialit\u00e9<\/p>\n<p>[\/et_pb_text][et_pb_text _builder_version=\u00a0\u00bb4.27.0&Prime; _module_preset=\u00a0\u00bbdefault\u00a0\u00bb text_font=\u00a0\u00bbRoboto|300|||||||\u00a0\u00bb text_text_color=\u00a0\u00bb#000000&Prime; text_font_size=\u00a0\u00bb16px\u00a0\u00bb text_orientation=\u00a0\u00bbjustified\u00a0\u00bb global_colors_info=\u00a0\u00bb{}\u00a0\u00bb]<\/p>\n<p>EcoClima Levante garantit la protection de toutes les donn\u00e9es personnelles fournies par l&rsquo;utilisateur sur le site Web et, conform\u00e9ment aux dispositions de la loi organique 15\/1999 du 13 d\u00e9cembre sur la protection des donn\u00e9es personnelles, dans le RD 1720\/2007 du 21 d\u00e9cembre.<\/p>\n<p>Toutes les donn\u00e9es personnelles fournies \u00e0 EcoClima Levante seront trait\u00e9es par cette derni\u00e8re conform\u00e9ment \u00e0 la loi organique 15\/1999 du 13 d\u00e9cembre sur la protection des donn\u00e9es personnelles et au d\u00e9cret royal 1720\/2007 du 21 d\u00e9cembre et seront incluses dans le registre correspondant cr\u00e9\u00e9 et maintenu sous la responsabilit\u00e9 du contr\u00f4leur des donn\u00e9es.<\/p>\n<p>EcoClima Levante respecte la l\u00e9gislation en vigueur sur la protection des donn\u00e9es personnelles, la vie priv\u00e9e des utilisateurs et le secret et la s\u00e9curit\u00e9 des donn\u00e9es personnelles, conform\u00e9ment aux dispositions de la l\u00e9gislation applicable en mati\u00e8re de protection des donn\u00e9es, en particulier le r\u00e8glement 2016\/679 du Parlement europ\u00e9en et du Conseil du 27 avril 2016, en adoptant les mesures techniques et organisationnelles n\u00e9cessaires pour pr\u00e9venir la perte, l&rsquo;utilisation abusive, l&rsquo;alt\u00e9ration, l&rsquo;acc\u00e8s non autoris\u00e9 et2 le vol des donn\u00e9es personnelles fournies, en tenant compte de l&rsquo;\u00e9tat de la technologie, de la nature des donn\u00e9es et des risques auxquels elles sont expos\u00e9es.<\/p>\n<p><strong>I.- Qui est responsable du traitement de vos donn\u00e9es ?<\/strong><\/p>\n<p>La pr\u00e9sente politique de confidentialit\u00e9 (ci-apr\u00e8s la \u00ab politique de confidentialit\u00e9 \u00bb) s&rsquo;applique \u00e0 toutes les donn\u00e9es personnelles fournies par l&rsquo;utilisateur \u00e0 Jos\u00e9 Terol Magan, propri\u00e9taire de ce site web (ci-apr\u00e8s le \u00ab site web \u00bb), dont le si\u00e8ge social est situ\u00e9 \u00e0 C\/ Poniente 32, 03111 &#8211; Busot (ALICANTE) et dont le num\u00e9ro d&rsquo;identification fiscale est le 21447906S et dont l&rsquo;activit\u00e9 principale est l&rsquo;installation et l&rsquo;entretien de syst\u00e8mes de climatisation.<\/p>\n<p>Aux fins de la pr\u00e9sente politique de confidentialit\u00e9, on entend par \u00ab utilisateur \u00bb toute personne physique int\u00e9ress\u00e9e par les produits et services propos\u00e9s par EcoClima Levante sur son site web.<\/p>\n<p>EcoClima Levante demandera, avant de fournir des donn\u00e9es personnelles, le consentement expr\u00e8s de l&rsquo;utilisateur \u00e0 cette politique de confidentialit\u00e9, si n\u00e9cessaire, et \u00e0 tout autre aspect n\u00e9cessitant l&rsquo;autorisation pr\u00e9alable de l&rsquo;utilisateur.<\/p>\n<p>L&rsquo;utilisateur peut nous contacter par courrier \u00e9lectronique \u00e0 l&rsquo;adresse info@ecoclimalevante.es pour toute question ou besoin concernant la protection des donn\u00e9es.<\/p>\n<p><strong>II.- Dans quel but traitons-nous vos donn\u00e9es personnelles ?<\/strong><\/p>\n<p>L&rsquo;utilisateur est inform\u00e9 que EcoClima Levante traitera ses donn\u00e9es personnelles aux fins indiqu\u00e9es ci-dessous, dans la mesure o\u00f9 il existe une base juridique pour chaque traitement, comme expliqu\u00e9 ci-dessous :<\/p>\n<p><strong>(a)<\/strong> Garantir \u00e0 l&rsquo;utilisateur l&rsquo;acc\u00e8s et l&rsquo;utilisation du site Web, ainsi que la gestion, l&rsquo;\u00e9tude et la r\u00e9solution des questions.<br \/><strong>(b)<\/strong> Faciliter la relation de l&rsquo;utilisateur avec EcoClima Levante et, le cas \u00e9ch\u00e9ant, la passation d&rsquo;un contrat de service.<br \/><strong>(c)<\/strong> Informer l&rsquo;utilisateur par tout moyen, y compris l&rsquo;envoi de communications commerciales et de prospection commerciale \u00e0 l&rsquo;adresse \u00e9lectronique que l&rsquo;utilisateur peut fournir \u00e0 EcoClima Levante, de la documentation sur l&rsquo;entreprise, ses activit\u00e9s, produits et services, ainsi que de la documentation de diverses natures.<br \/><strong>(d)<\/strong> Sauf indication contraire expresse, il est obligatoire de fournir toutes les donn\u00e9es personnelles demand\u00e9es, sans lesquelles il n&rsquo;est pas possible de fournir des informations sur les activit\u00e9s et les services d&rsquo;EcoClima Levante.<\/p>\n<p>Les donn\u00e9es sont collect\u00e9es dans le but de fournir des informations sur les produits et les services d&rsquo;EcoClima Levante. Si l&rsquo;utilisateur y a express\u00e9ment consenti, les donn\u00e9es peuvent \u00e9galement \u00eatre utilis\u00e9es pour envoyer des informations commerciales sur les offres et les r\u00e9ductions d&rsquo;EcoClima Levante.<\/p>\n<p><strong>III &#8211; Quelle est la l\u00e9gitimit\u00e9 du traitement de vos donn\u00e9es personnelles ?<\/strong><\/p>\n<p>La base juridique du traitement des donn\u00e9es aux fins des points a) et b) est la n\u00e9cessit\u00e9 d&rsquo;ex\u00e9cuter un contrat auquel la personne concern\u00e9e est partie ou de mettre en \u0153uvre, \u00e0 sa demande, des mesures pr\u00e9contractuelles, c) est le consentement demand\u00e9 \u00e0 l&rsquo;utilisateur sous la forme appropri\u00e9e et d) est une obligation l\u00e9gale.    <\/p>\n<p>Dans le cas o\u00f9 les donn\u00e9es sont n\u00e9cessaires pour r\u00e9pondre \u00e0 une demande ou pour g\u00e9rer l&rsquo;attribution d&rsquo;un produit ou d&rsquo;un service, si les donn\u00e9es requises ne sont pas enti\u00e8rement incorpor\u00e9es, nous vous avertissons qu&rsquo;il pourrait ne pas \u00eatre possible d&rsquo;effectuer cette op\u00e9ration de mani\u00e8re satisfaisante.<\/p>\n<p>Lorsque vous fournissez vos donn\u00e9es personnelles, EcoClima Levante collecte et traite les donn\u00e9es essentielles aux fins pour lesquelles vous les avez fournies.<br \/>En aucun cas EcoClima Levante ne transf\u00e9rera, n&rsquo;exploitera ou n&rsquo;utilisera ces donn\u00e9es \u00e0 d&rsquo;autres fins que celles express\u00e9ment indiqu\u00e9es dans le pr\u00e9sent document.<\/p>\n<p>L&rsquo;utilisateur peut volontairement fournir des informations suppl\u00e9mentaires pour personnaliser le service. La d\u00e9cision de fournir de telles informations appartient exclusivement \u00e0 l&rsquo;utilisateur, qui doit donner son consentement expr\u00e8s \u00e0 leur utilisation et peut le r\u00e9voquer \u00e0 tout moment. <\/p>\n<p><strong>IV.- Combien de temps conservons-nous vos donn\u00e9es personnelles ?<\/strong><\/p>\n<p>EcoClima Levante conservera les donn\u00e9es des utilisateurs pendant la dur\u00e9e de la relation contractuelle avec l&rsquo;utilisateur et, dans tous les cas, pendant une p\u00e9riode maximale de deux ans \u00e0 compter de la derni\u00e8re interaction de l&rsquo;utilisateur avec EcoClima Levante ou jusqu&rsquo;\u00e0 ce que l&rsquo;utilisateur r\u00e9voque son consentement, sans pr\u00e9judice de la conservation qui peut \u00eatre n\u00e9cessaire pour la formulation, l&rsquo;exercice ou la d\u00e9fense de r\u00e9clamations potentielles et\/ou lorsque cela est autoris\u00e9 par la l\u00e9gislation applicable pendant les p\u00e9riodes de prescription des actions en justice, et\/ou \u00e9tabli dans la r\u00e9glementation applicable en vigueur apr\u00e8s la fin de la relation contractuelle. Une fois le d\u00e9lai susmentionn\u00e9 \u00e9coul\u00e9, la soci\u00e9t\u00e9 s&rsquo;engage \u00e0 cesser le traitement de toutes vos donn\u00e9es et, le cas \u00e9ch\u00e9ant, \u00e0 les bloquer dans les bases de donn\u00e9es correspondantes de la soci\u00e9t\u00e9. <\/p>\n<p><strong>V.- S\u00e9curit\u00e9 et int\u00e9grit\u00e9 des donn\u00e9es personnelles : Qui a acc\u00e8s \u00e0 vos donn\u00e9es personnelles ?<\/strong><\/p>\n<p>Nous \u00e9tablissons les niveaux de s\u00e9curit\u00e9 exig\u00e9s de nos employ\u00e9s afin de pr\u00e9server la protection et l&rsquo;int\u00e9grit\u00e9 des donn\u00e9es de nos clients et parties prenantes. Cette politique vise \u00e0 adopter des actions destin\u00e9es \u00e0 pr\u00e9server les quatre composantes fondamentales de la s\u00e9curit\u00e9 de l&rsquo;information : <\/p>\n<ul>\n<li><strong>Confidentialit\u00e9<\/strong>: Nous n&rsquo;autorisons l&rsquo;acc\u00e8s aux donn\u00e9es et \u00e0 nos syst\u00e8mes qu&rsquo;aux personnes d\u00fbment autoris\u00e9es, sur la base du \u00ab\u00a0besoin d&rsquo;utilisation\u00a0\u00bb.<\/li>\n<li><strong>Int\u00e9grit\u00e9<\/strong>: Nous pr\u00e9servons l&rsquo;exactitude des informations et des syst\u00e8mes contre toute alt\u00e9ration, perte ou destruction accidentelle ou frauduleuse.<\/li>\n<li><strong>Disponibilit\u00e9<\/strong>: Nous mettons en place les m\u00e9canismes n\u00e9cessaires pour que les informations et les syst\u00e8mes puissent \u00eatre utilis\u00e9s sous la forme et au moment voulus.<\/li>\n<li><strong>Auditabilit\u00e9<\/strong>: Nous facilitons l&rsquo;\u00e9tablissement d&rsquo;un lien unique entre toute action ou transaction en veillant au respect des contr\u00f4les cl\u00e9s pr\u00e9vus par les r\u00e9glementations applicables.<\/li>\n<\/ul>\n<p>En plus de ce qui pr\u00e9c\u00e8de, l&rsquo;utilisateur comprend qu&rsquo;EcoClima Levante peut transf\u00e9rer ou communiquer des donn\u00e9es personnelles afin de remplir ses obligations envers les administrations publiques dans les cas o\u00f9 cela est requis conform\u00e9ment \u00e0 la l\u00e9gislation en vigueur \u00e0 tout moment et, le cas \u00e9ch\u00e9ant, \u00e9galement \u00e0 d&rsquo;autres organismes tels que les forces et organismes de s\u00e9curit\u00e9 de l&rsquo;\u00c9tat et le pouvoir judiciaire.<\/p>\n<p>La s\u00e9curit\u00e9 de vos donn\u00e9es est tr\u00e8s importante pour nous. Nous avons \u00e9labor\u00e9 un plan de continuit\u00e9 afin de minimiser l&rsquo;impact sur nos clients de toute \u00e9ventualit\u00e9 susceptible d&rsquo;affecter la prestation de services. <\/p>\n<p>Nous utiliserons les ressources appropri\u00e9es pour enqu\u00eater sur les failles de s\u00e9curit\u00e9 qui compromettent la vie priv\u00e9e de nos clients et parties prenantes et veillerons \u00e0 ce que des mesures correctives soient prises. Nous tiendrons un registre des incidents de s\u00e9curit\u00e9 \u00e0 la disposition des autorit\u00e9s de contr\u00f4le locales. <\/p>\n<p>Nous informerons nos clients des cas pertinents o\u00f9 la perte, l&rsquo;utilisation abusive ou la divulgation d&rsquo;informations a \u00e9t\u00e9 caus\u00e9e par une violation de la s\u00e9curit\u00e9 des syst\u00e8mes et des r\u00e9seaux de l&rsquo;entreprise, ou r\u00e9sulte d&rsquo;une d\u00e9cision ou d&rsquo;une action technique interne. Dans ces cas, nous informerons nos clients des mesures correctives prises et ferons des recommandations appropri\u00e9es pour aider \u00e0 prot\u00e9ger leurs int\u00e9r\u00eats. <\/p>\n<p><strong>VI.- Quels sont les droits des utilisateurs ?<\/strong><\/p>\n<p>EcoClima Levante informe l&rsquo;Utilisateur de la possibilit\u00e9 d&rsquo;exercer gratuitement les droits d&rsquo;acc\u00e8s, de rectification, d&rsquo;opposition, de suppression, de portabilit\u00e9 et de limitation du traitement, ainsi que le droit de s&rsquo;opposer au traitement automatis\u00e9 des donn\u00e9es \u00e0 caract\u00e8re personnel en adressant une demande \u00e9crite et sign\u00e9e \u00e0 l&rsquo;adresse suivante : info@ecoclimalevante.es ou \u00e0 l&rsquo;adresse du si\u00e8ge social d&rsquo;EcoClima Levante, en indiquant vos coordonn\u00e9es et la r\u00e9f\u00e9rence : \u00ab Protection des donn\u00e9es \u00bb. Exercice des droits de la LOPD \u00bb qui doit contenir : votre nom et pr\u00e9nom(s), la photocopie de votre carte d&rsquo;identit\u00e9 (passeport ou autre document valide qui vous identifie), la demande dans laquelle la demande est faite, l&rsquo;adresse aux fins de notification, la date et la signature. <\/p>\n<p>L&rsquo;utilisateur a le droit de s&rsquo;opposer au traitement de ses donn\u00e9es \u00e0 des fins promotionnelles pour la r\u00e9ception de communications commerciales en le notifiant simplement \u00e0 EcoClima Levante. Pour ce faire, l&rsquo;utilisateur peut envoyer sa demande en suivant la proc\u00e9dure d\u00e9crite au paragraphe pr\u00e9c\u00e9dent. De m\u00eame, l&rsquo;utilisateur peut annuler la r\u00e9ception de communications commerciales de la mani\u00e8re pr\u00e9vue dans chaque communication commerciale.  <\/p>\n<p>Outre les droits susmentionn\u00e9s, l&rsquo;utilisateur a le droit de retirer le consentement accord\u00e9 \u00e0 tout moment au moyen de la proc\u00e9dure d\u00e9crite ci-dessus, sans que ce retrait de consentement n&rsquo;affecte la l\u00e9galit\u00e9 du traitement effectu\u00e9 avant le retrait du consentement. EcoClima Levante peut continuer \u00e0 traiter les donn\u00e9es de l&rsquo;utilisateur dans la mesure o\u00f9 la loi applicable le permet. <\/p>\n<p>EcoClima Levante rappelle \u00e0 l&rsquo;utilisateur qu&rsquo;il a le droit d&rsquo;introduire une r\u00e9clamation aupr\u00e8s de l&rsquo;Agence espagnole de protection des donn\u00e9es.<\/p>\n<p><strong>VII &#8211; Qualit\u00e9 des donn\u00e9es<\/strong><\/p>\n<p>EcoClima Levante avertit l&rsquo;Utilisateur que, sauf dans les cas de repr\u00e9sentation l\u00e9galement constitu\u00e9e et accr\u00e9dit\u00e9e, aucun Utilisateur ne peut utiliser l&rsquo;identit\u00e9 d&rsquo;une autre personne et communiquer ses donn\u00e9es personnelles, et par cons\u00e9quent l&rsquo;Utilisateur doit \u00e0 tout moment garder \u00e0 l&rsquo;esprit qu&rsquo;il ne peut fournir que des donn\u00e9es personnelles correspondant \u00e0 sa propre identit\u00e9 et qui sont ad\u00e9quates, pertinentes, actuelles, exactes et v\u00e9ridiques. \u00c0 cet effet, l&rsquo;Utilisateur sera seul responsable de tout dommage, direct et\/ou indirect, caus\u00e9 \u00e0 des tiers ou \u00e0 EcoClima Levante par l&rsquo;utilisation des donn\u00e9es personnelles d&rsquo;une autre personne, ou de ses propres donn\u00e9es personnelles lorsqu&rsquo;elles sont fausses, erron\u00e9es, non actuelles, inad\u00e9quates ou non pertinentes. <\/p>\n<p>De m\u00eame, l&rsquo;utilisateur qui communique les donn\u00e9es personnelles d&rsquo;un tiers est responsable \u00e0 l&rsquo;\u00e9gard de ce dernier de l&rsquo;obligation d&rsquo;information lorsque les donn\u00e9es personnelles n&rsquo;ont pas \u00e9t\u00e9 collect\u00e9es aupr\u00e8s de l&rsquo;int\u00e9ress\u00e9 lui-m\u00eame, et\/ou des cons\u00e9quences de ne pas l&rsquo;avoir inform\u00e9 et, le cas \u00e9ch\u00e9ant, d&rsquo;avoir obtenu son consentement.<\/p>\n<p>Dans le cas o\u00f9 l&rsquo;utilisateur fournirait des donn\u00e9es personnelles de tiers, il s&rsquo;engage \u00e0 informer pr\u00e9alablement ces personnes de l&rsquo;intention de communiquer leurs donn\u00e9es \u00e0 EcoClima Levante et \u00e0 obtenir leur consentement pr\u00e9alable, expr\u00e8s et \u00e9crit pour le traitement de ces donn\u00e9es et les finalit\u00e9s pour lesquelles elles seront trait\u00e9es, l&rsquo;utilisateur \u00e9tant tenu responsable si ce n&rsquo;est pas le cas.<\/p>\n<p>L&rsquo;Utilisateur est en principe la seule source d&rsquo;information sur ses donn\u00e9es personnelles, et EcoClima Levante demande donc que, afin de maintenir leurs donn\u00e9es \u00e0 jour et \u00e0 tout moment conform\u00e9ment aux principes du R\u00e8glement (UE) 2016\/679 du Parlement europ\u00e9en et du Conseil, du 27 avril 2016 relatif \u00e0 la protection des personnes physiques \u00e0 l&rsquo;\u00e9gard du traitement des donn\u00e9es \u00e0 caract\u00e8re personnel et \u00e0 la libre circulation de ces donn\u00e9es, et abrogeant la directive 95\/46\/CE (GDPR), de communiquer tout changement \u00e0 l&rsquo;adresse Domicilio social : EcoClima Levante ou \u00e0 l&rsquo;adresse \u00e9lectronique : info@ecoclimalevante.es. Il est rappel\u00e9 aux utilisateurs que pour mettre \u00e0 jour leurs donn\u00e9es, ils doivent prouver leur identit\u00e9 en fournissant une photocopie de leur carte nationale d&rsquo;identit\u00e9 ou d&rsquo;un document \u00e9quivalent. <\/p>\n<p>Les cat\u00e9gories de donn\u00e9es trait\u00e9es sont les suivantes :<\/p>\n<ul>\n<li>Donn\u00e9es d&rsquo;identification<\/li>\n<li>Adresses postales ou \u00e9lectroniques<\/li>\n<li>Informations commerciales<\/li>\n<\/ul>\n<p>L&rsquo;entreprise ne prendra PAS de d\u00e9cisions automatis\u00e9es, ne fera pas de profilage ou n&rsquo;appliquera pas de logique \u00e0 vos donn\u00e9es et ne transf\u00e9rera vos donn\u00e9es \u00e0 des tiers que si cela est n\u00e9cessaire pour atteindre l&rsquo;objectif du traitement, avec votre information et votre consentement pr\u00e9alables.<\/p>\n<p>INDIQUEZ ICI SI VOUS ALLEZ PROC\u00c9DER AU TRANSFERT INTERNATIONAL DE DONN\u00c9ES OU \u00c0 L&rsquo;INFORMATIQUE D\u00c9MAT\u00c9RIALIS\u00c9E, EN PR\u00c9CISANT QUI SERA LE RESPONSABLE DU TRAITEMENT DES DONN\u00c9ES SI VOUS \u00caTES DANS L&rsquo;ESPACE \u00c9CONOMIQUE EUROP\u00c9EN OU DANS LE CADRE DU BOUCLIER DE PROTECTION DE LA VIE PRIV\u00c9E, OU BIEN INDIQUEZ VOTRE SITE WEB O\u00d9 TOUT CELA SERA EXPLIQU\u00c9.<\/p>\n<p><strong>VIII- Mesures de s\u00e9curit\u00e9<\/strong><\/p>\n<p>Lors de la collecte et du traitement des donn\u00e9es \u00e0 caract\u00e8re personnel, les mesures techniques et organisationnelles n\u00e9cessaires sont adopt\u00e9es pour garantir la s\u00e9curit\u00e9 des donn\u00e9es \u00e0 caract\u00e8re personnel et \u00e9viter leur alt\u00e9ration, perte, traitement ou acc\u00e8s non autoris\u00e9, en tenant compte de l&rsquo;\u00e9tat de la technologie, de la nature des donn\u00e9es fournies et des risques auxquels elles sont expos\u00e9es, qu&rsquo;ils proviennent de l&rsquo;action humaine ou de l&rsquo;environnement physique ou naturel.<\/p>\n<p><strong>IX &#8211; Utilisation de cookies<\/strong><\/p>\n<p>Un cookie est un petit fichier texte qui est stock\u00e9 dans votre navigateur lorsque vous visitez presque n&rsquo;importe quel site web. Son utilit\u00e9 est de permettre au site web de se souvenir de votre visite lorsque vous revenez naviguer sur cette page. Les cookies stockent g\u00e9n\u00e9ralement des informations de nature technique, des pr\u00e9f\u00e9rences personnelles, la personnalisation du contenu, des statistiques d&rsquo;utilisation, des liens vers des r\u00e9seaux sociaux, l&rsquo;acc\u00e8s \u00e0 des comptes d&rsquo;utilisateurs, etc. L&rsquo;objectif du cookie est d&rsquo;adapter le contenu du site web \u00e0 votre profil et \u00e0 vos besoins. Sans cookies, les services offerts par chaque page seraient consid\u00e9rablement r\u00e9duits. Pour plus d&rsquo;informations sur ce que sont les cookies, ce qu&rsquo;ils stockent, comment les supprimer, les d\u00e9sactiver, etc., veuillez consulter ce lien Politique en mati\u00e8re de cookies.    <\/p>\n<p><strong>XI &#8211; Modification de la politique de confidentialit\u00e9<\/strong><\/p>\n<p>Jos\u00e9 Terol Magan peut modifier sa politique de confidentialit\u00e9 conform\u00e9ment \u00e0 la l\u00e9gislation applicable \u00e0 tout moment. En tout \u00e9tat de cause, nous vous informerons de toute modification de la politique de confidentialit\u00e9 ayant un impact pertinent sur votre vie priv\u00e9e et la protection de vos donn\u00e9es, et, si la r\u00e9glementation applicable l&rsquo;exige, nous vous donnerons la possibilit\u00e9 d&rsquo;accorder \u00e0 nouveau votre consentement. <\/p>\n<p>[\/et_pb_text][\/et_pb_column][\/et_pb_row][\/et_pb_section]<\/p>\n","protected":false},"excerpt":{"rendered":"<p>Politique de confidentialit\u00e9Informations de base sur la protection des donn\u00e9es Responsable du traitement des donn\u00e9es: Jos\u00e9 Terol MaganSi\u00e8ge social: C\/ Poniente, 32, 03111 &#8211; Busot (ALICANTE)C.I.F.\/N.I.F.: 21447906ST\u00e9l\u00e9phone: 965 699 597Email: info@ecoclimalevante.es Objectif Recrutement, gestion commerciale, envoi de publicit\u00e9 et prospection commerciale. L\u00e9gitimation Obligation l\u00e9gale, relation contractuelle et consentement Destinataires Aucune donn\u00e9e n&rsquo;est transmise \u00e0 des [&hellip;]<\/p>\n","protected":false},"author":1,"featured_media":0,"parent":0,"menu_order":0,"comment_status":"closed","ping_status":"closed","template":"","meta":{"_et_pb_use_builder":"on","_et_pb_old_content":"","_et_gb_content_width":"","footnotes":""},"class_list":["post-508","page","type-page","status-publish","hentry"],"_links":{"self":[{"href":"https:\/\/ecoclimalevante.es\/fr\/wp-json\/wp\/v2\/pages\/508","targetHints":{"allow":["GET"]}}],"collection":[{"href":"https:\/\/ecoclimalevante.es\/fr\/wp-json\/wp\/v2\/pages"}],"about":[{"href":"https:\/\/ecoclimalevante.es\/fr\/wp-json\/wp\/v2\/types\/page"}],"author":[{"embeddable":true,"href":"https:\/\/ecoclimalevante.es\/fr\/wp-json\/wp\/v2\/users\/1"}],"replies":[{"embeddable":true,"href":"https:\/\/ecoclimalevante.es\/fr\/wp-json\/wp\/v2\/comments?post=508"}],"version-history":[{"count":4,"href":"https:\/\/ecoclimalevante.es\/fr\/wp-json\/wp\/v2\/pages\/508\/revisions"}],"predecessor-version":[{"id":555,"href":"https:\/\/ecoclimalevante.es\/fr\/wp-json\/wp\/v2\/pages\/508\/revisions\/555"}],"wp:attachment":[{"href":"https:\/\/ecoclimalevante.es\/fr\/wp-json\/wp\/v2\/media?parent=508"}],"curies":[{"name":"wp","href":"https:\/\/api.w.org\/{rel}","templated":true}]}}