{"id":505,"date":"2024-09-19T09:46:23","date_gmt":"2024-09-19T07:46:23","guid":{"rendered":"https:\/\/ecoclimalevante.es\/avis-juridique\/"},"modified":"2024-10-10T16:49:39","modified_gmt":"2024-10-10T14:49:39","slug":"avis-juridique","status":"publish","type":"page","link":"https:\/\/ecoclimalevante.es\/fr\/avis-juridique\/","title":{"rendered":"Avis juridique"},"content":{"rendered":"<p>[et_pb_section fb_built=\u00a0\u00bb1&Prime; _builder_version=\u00a0\u00bb4.23.1&Prime; _module_preset=\u00a0\u00bbdefault\u00a0\u00bb global_colors_info=\u00a0\u00bb{}\u00a0\u00bb][et_pb_row _builder_version=\u00a0\u00bb4.23.1&Prime; _module_preset=\u00a0\u00bbdefault\u00a0\u00bb global_colors_info=\u00a0\u00bb{}\u00a0\u00bb][et_pb_column type=\u00a0\u00bb4_4&Prime; _builder_version=\u00a0\u00bb4.23.1&Prime; _module_preset=\u00a0\u00bbdefault\u00a0\u00bb global_colors_info=\u00a0\u00bb{}\u00a0\u00bb][et_pb_text _builder_version=\u00a0\u00bb4.27.0&Prime; _module_preset=\u00a0\u00bbdefault\u00a0\u00bb header_2_font=\u00a0\u00bbMaven Pro|700|||||||\u00a0\u00bb header_2_text_align=\u00a0\u00bbleft\u00a0\u00bb header_2_text_color=\u00a0\u00bbgcid-262a5087-69c7-4ab5-bd27-47ff6ef1b12c\u00a0\u00bb header_2_font_size=\u00a0\u00bb50px\u00a0\u00bb header_2_font_size_tablet=\u00a0\u00bb50px\u00a0\u00bb header_2_font_size_phone=\u00a0\u00bb40px\u00a0\u00bb header_2_font_size_last_edited=\u00a0\u00bbon|phone\u00a0\u00bb global_colors_info=\u00a0\u00bb{%22gcid-262a5087-69c7-4ab5-bd27-47ff6ef1b12c%22:%91%22header_2_text_color%22%93}\u00a0\u00bb]<\/p>\n<h2>Avis juridique<\/h2>\n<p>[\/et_pb_text][et_pb_text _builder_version=\u00a0\u00bb4.27.2&Prime; _module_preset=\u00a0\u00bbdefault\u00a0\u00bb text_font=\u00a0\u00bbRoboto|300|||||||\u00a0\u00bb text_text_color=\u00a0\u00bb#000000&Prime; text_font_size=\u00a0\u00bb16px\u00a0\u00bb link_text_color=\u00a0\u00bbgcid-262a5087-69c7-4ab5-bd27-47ff6ef1b12c\u00a0\u00bb text_orientation=\u00a0\u00bbjustified\u00a0\u00bb hover_enabled=\u00a0\u00bb0&Prime; global_colors_info=\u00a0\u00bb{%22gcid-262a5087-69c7-4ab5-bd27-47ff6ef1b12c%22:%91%22link_text_color%22%93}\u00a0\u00bb sticky_enabled=\u00a0\u00bb0&Prime;]<\/p>\n<p><strong>Donn\u00e9es permettant d&rsquo;identifier le propri\u00e9taire du site web<\/strong><\/p>\n<p>Conform\u00e9ment aux dispositions de la loi 34\/2002, du 11 juillet, sur les services de la soci\u00e9t\u00e9 de l&rsquo;information et le commerce \u00e9lectronique (L.S.S.I. 34\/2002), nous vous informons que le propri\u00e9taire de ecoclimalevante.es (ci-apr\u00e8s le SITE WEB) est : Jos\u00e9 Terol Magan.<\/p>\n<p><strong>Si\u00e8ge social<\/strong>: C\/ Poniente, 32, 03111 &#8211; Busot (ALICANTE)<br \/><strong>C.I.F\/NIF<\/strong>: 21447906S<br \/><strong>T\u00e9l\u00e9phone<\/strong>: 965 699 597<br \/><strong>E-mail<\/strong>: info@ecoclimalevante.es<\/p>\n<p><strong>I. PR\u00c9SENTATION<\/strong><\/p>\n<p>Le SITE WEB contient une s\u00e9rie de contenus informatifs sur l&rsquo;activit\u00e9 de son propri\u00e9taire. Son principal objectif est de fournir aux clients et au grand public des informations sur l&rsquo;entreprise et sur les produits et services offerts. <\/p>\n<p><strong>II. CONDITIONS D&rsquo;UTILISATION <\/strong><\/p>\n<p>Les conditions d&rsquo;acc\u00e8s et d&rsquo;utilisation de ce site sont r\u00e9gies par la l\u00e9gislation en vigueur et par le principe de bonne foi, et l&rsquo;utilisateur s&rsquo;engage \u00e0 faire bon usage du site. Les comportements contraires \u00e0 la loi, aux droits ou aux int\u00e9r\u00eats de tiers ne sont pas autoris\u00e9s. <\/p>\n<p>Le fait d&rsquo;\u00eatre utilisateur du SITE WEB implique que vous reconnaissez avoir lu et accept\u00e9 les pr\u00e9sentes conditions ainsi que les dispositions l\u00e9gales applicables en la mati\u00e8re. Si, pour quelque raison que ce soit, vous n&rsquo;\u00eates pas d&rsquo;accord avec ces conditions, ne continuez pas \u00e0 utiliser ce site web. Tout type de notification et\/ou de r\u00e9clamation ne sera valable que par \u00e9crit et\/ou par courrier recommand\u00e9.  <\/p>\n<p><strong>III. LES RESPONSABILIT\u00c9S <\/strong><\/p>\n<p>Le propri\u00e9taire du SITE n&rsquo;est pas responsable des dommages caus\u00e9s par des d\u00e9fauts ou des mauvaises configurations du logiciel install\u00e9 sur l&rsquo;ordinateur de l&rsquo;utilisateur. Toute responsabilit\u00e9 est exclue en cas d&rsquo;incident ou de d\u00e9faillance technique survenant lors de la connexion de l&rsquo;utilisateur \u00e0 Internet. De m\u00eame, l&rsquo;absence d&rsquo;interruptions ou d&rsquo;erreurs dans l&rsquo;acc\u00e8s au site n&rsquo;est pas garantie.  <\/p>\n<p>De m\u00eame, le propri\u00e9taire du SITE se r\u00e9serve le droit d&rsquo;actualiser, de modifier ou de supprimer l&rsquo;information contenue sur son site, ainsi que sa configuration ou sa pr\u00e9sentation, \u00e0 tout moment, sans en assumer la responsabilit\u00e9.<\/p>\n<p><strong>IV. PROPRI\u00c9T\u00c9 INTELLECTUELLE ET INDUSTRIELLE <\/strong><\/p>\n<p>Le titulaire du SITE WEB d\u00e9tient tous les droits sur le logiciel de la publication num\u00e9rique, ainsi que les droits de propri\u00e9t\u00e9 industrielle et intellectuelle relatifs aux contenus inclus, \u00e0 l&rsquo;exception des droits sur les produits et services \u00e0 caract\u00e8re public qui ne sont pas d\u00e9tenus par cette entreprise.<\/p>\n<p>Aucun \u00e9l\u00e9ment publi\u00e9 sur ce site ne peut \u00eatre reproduit, copi\u00e9 ou publi\u00e9 sans l&rsquo;accord \u00e9crit du propri\u00e9taire du SITE.<\/p>\n<p><strong>V.- DONN\u00c9ES PERSONNELLES<\/strong><\/p>\n<p>Voir notre <a href=\"https:\/\/ecoclimalevante.es\/fr\/politique-de-confidentialite\/\">politique de confidentialit\u00e9<\/a><\/p>\n<p><strong>VI &#8211; COOKIES<\/strong><\/p>\n<p>Voir la politique des cookies<\/p>\n<p><strong>VII. DROIT APPLICABLE ET JURIDICTION <\/strong><\/p>\n<p>Les pr\u00e9sentes conditions g\u00e9n\u00e9rales sont r\u00e9gies par la l\u00e9gislation espagnole. Pour tout litige relatif au site web ou \u00e0 l&rsquo;activit\u00e9 qui y est r\u00e9alis\u00e9e, les tribunaux d&rsquo;Alicante seront comp\u00e9tents et l&rsquo;utilisateur renonce express\u00e9ment \u00e0 toute autre juridiction qui pourrait lui correspondre. <\/p>\n<p>[\/et_pb_text][\/et_pb_column][\/et_pb_row][\/et_pb_section]<\/p>\n","protected":false},"excerpt":{"rendered":"<p>Avis juridiqueDonn\u00e9es permettant d&rsquo;identifier le propri\u00e9taire du site web Conform\u00e9ment aux dispositions de la loi 34\/2002, du 11 juillet, sur les services de la soci\u00e9t\u00e9 de l&rsquo;information et le commerce \u00e9lectronique (L.S.S.I. 34\/2002), nous vous informons que le propri\u00e9taire de ecoclimalevante.es (ci-apr\u00e8s le SITE WEB) est : Jos\u00e9 Terol Magan. Si\u00e8ge social: C\/ Poniente, 32, [&hellip;]<\/p>\n","protected":false},"author":1,"featured_media":0,"parent":0,"menu_order":0,"comment_status":"closed","ping_status":"closed","template":"","meta":{"_et_pb_use_builder":"on","_et_pb_old_content":"","_et_gb_content_width":"","footnotes":""},"class_list":["post-505","page","type-page","status-publish","hentry"],"_links":{"self":[{"href":"https:\/\/ecoclimalevante.es\/fr\/wp-json\/wp\/v2\/pages\/505","targetHints":{"allow":["GET"]}}],"collection":[{"href":"https:\/\/ecoclimalevante.es\/fr\/wp-json\/wp\/v2\/pages"}],"about":[{"href":"https:\/\/ecoclimalevante.es\/fr\/wp-json\/wp\/v2\/types\/page"}],"author":[{"embeddable":true,"href":"https:\/\/ecoclimalevante.es\/fr\/wp-json\/wp\/v2\/users\/1"}],"replies":[{"embeddable":true,"href":"https:\/\/ecoclimalevante.es\/fr\/wp-json\/wp\/v2\/comments?post=505"}],"version-history":[{"count":11,"href":"https:\/\/ecoclimalevante.es\/fr\/wp-json\/wp\/v2\/pages\/505\/revisions"}],"predecessor-version":[{"id":734,"href":"https:\/\/ecoclimalevante.es\/fr\/wp-json\/wp\/v2\/pages\/505\/revisions\/734"}],"wp:attachment":[{"href":"https:\/\/ecoclimalevante.es\/fr\/wp-json\/wp\/v2\/media?parent=505"}],"curies":[{"name":"wp","href":"https:\/\/api.w.org\/{rel}","templated":true}]}}